{"id":1059,"date":"2025-03-18T15:33:22","date_gmt":"2025-03-18T14:33:22","guid":{"rendered":"https:\/\/radex.app\/es\/contact\/"},"modified":"2025-04-19T04:13:02","modified_gmt":"2025-04-19T02:13:02","slug":"contacto","status":"publish","type":"page","link":"https:\/\/radex.app\/es\/contacto\/","title":{"rendered":"Contacto"},"content":{"rendered":"\t\t<div data-elementor-type=\"wp-page\" data-elementor-id=\"1059\" class=\"elementor elementor-1059\">\n\t\t\t\t<div class=\"elementor-element elementor-element-c6c17a7 e-flex e-con-boxed e-con e-parent\" data-id=\"c6c17a7\" data-element_type=\"container\" data-e-type=\"container\" data-settings=\"{&quot;background_background&quot;:&quot;classic&quot;}\">\n\t\t\t\t\t<div class=\"e-con-inner\">\n\t\t<div class=\"elementor-element elementor-element-fb1d57f e-con-full e-flex e-con e-child\" data-id=\"fb1d57f\" data-element_type=\"container\" data-e-type=\"container\">\n\t\t<div class=\"elementor-element elementor-element-14f9da5 e-con-full e-flex e-con e-child\" data-id=\"14f9da5\" data-element_type=\"container\" data-e-type=\"container\">\n\t\t<div class=\"elementor-element elementor-element-005c7dd e-con-full e-flex e-con e-child\" data-id=\"005c7dd\" data-element_type=\"container\" data-e-type=\"container\">\n\t\t\t\t<div class=\"elementor-element elementor-element-9da6bb1 elementor-widget elementor-widget-heading\" data-id=\"9da6bb1\" data-element_type=\"widget\" data-e-type=\"widget\" data-widget_type=\"heading.default\">\n\t\t\t\t<div class=\"elementor-widget-container\">\n\t\t\t\t\t<h6 class=\"elementor-heading-title elementor-size-default\">CONTACTO<\/h6>\t\t\t\t<\/div>\n\t\t\t\t<\/div>\n\t\t\t\t<div class=\"elementor-element elementor-element-6a23cbe elementor-widget elementor-widget-heading\" data-id=\"6a23cbe\" data-element_type=\"widget\" data-e-type=\"widget\" data-widget_type=\"heading.default\">\n\t\t\t\t<div class=\"elementor-widget-container\">\n\t\t\t\t\t<h1 class=\"elementor-heading-title elementor-size-default\">\u00bfTiene preguntas sobre Radex?<\/h1>\t\t\t\t<\/div>\n\t\t\t\t<\/div>\n\t\t\t\t<div class=\"elementor-element elementor-element-f6112e0 elementor-widget elementor-widget-text-editor\" data-id=\"f6112e0\" data-element_type=\"widget\" data-e-type=\"widget\" data-widget_type=\"text-editor.default\">\n\t\t\t\t<div class=\"elementor-widget-container\">\n\t\t\t\t\t\t\t\t\t<p>Por favor, p\u00f3ngase en contacto con nosotros si tiene alguna pregunta o comparte sus ideas.<\/p>\t\t\t\t\t\t\t\t<\/div>\n\t\t\t\t<\/div>\n\t\t\t\t<\/div>\n\t\t\t\t<\/div>\n\t\t<div class=\"elementor-element elementor-element-fe751ac e-flex e-con-boxed e-con e-child\" data-id=\"fe751ac\" data-element_type=\"container\" data-e-type=\"container\">\n\t\t\t\t\t<div class=\"e-con-inner\">\n\t\t<div class=\"elementor-element elementor-element-9056753 e-con-full e-flex e-con e-child\" data-id=\"9056753\" data-element_type=\"container\" data-e-type=\"container\">\n\t\t\t\t<div class=\"elementor-element elementor-element-0c8fd2c elementor-vertical-align-top elementor-widget elementor-widget-image-box\" data-id=\"0c8fd2c\" data-element_type=\"widget\" data-e-type=\"widget\" data-widget_type=\"image-box.default\">\n\t\t\t\t<div class=\"elementor-widget-container\">\n\t\t\t\t\t<div class=\"elementor-image-box-wrapper\"><div class=\"elementor-image-box-content\"><h4 class=\"elementor-image-box-title\">General<\/h4><p class=\"elementor-image-box-description\">Para todas las consultas relacionadas con negocios o informes de errores, comun\u00edquese con nosotros mediante el formulario actual.<\/p><\/div><\/div>\t\t\t\t<\/div>\n\t\t\t\t<\/div>\n\t\t\t\t<div class=\"elementor-element elementor-element-c7b3422 elementor-widget-divider--view-line elementor-widget elementor-widget-divider\" data-id=\"c7b3422\" data-element_type=\"widget\" data-e-type=\"widget\" data-widget_type=\"divider.default\">\n\t\t\t\t<div class=\"elementor-widget-container\">\n\t\t\t\t\t\t\t<div class=\"elementor-divider\">\n\t\t\t<span class=\"elementor-divider-separator\">\n\t\t\t\t\t\t<\/span>\n\t\t<\/div>\n\t\t\t\t\t\t<\/div>\n\t\t\t\t<\/div>\n\t\t\t\t<div class=\"elementor-element elementor-element-647a188 elementor-widget elementor-widget-heading\" data-id=\"647a188\" data-element_type=\"widget\" data-e-type=\"widget\" data-widget_type=\"heading.default\">\n\t\t\t\t<div class=\"elementor-widget-container\">\n\t\t\t\t\t<h6 class=\"elementor-heading-title elementor-size-default\">Keep in touch<\/h6>\t\t\t\t<\/div>\n\t\t\t\t<\/div>\n\t\t\t\t<div class=\"elementor-element elementor-element-1489af2 e-grid-align-left elementor-shape-rounded elementor-grid-0 elementor-widget elementor-widget-social-icons\" data-id=\"1489af2\" data-element_type=\"widget\" data-e-type=\"widget\" data-widget_type=\"social-icons.default\">\n\t\t\t\t<div class=\"elementor-widget-container\">\n\t\t\t\t\t\t\t<div class=\"elementor-social-icons-wrapper elementor-grid\" role=\"list\">\n\t\t\t\t\t\t\t<span class=\"elementor-grid-item\" role=\"listitem\">\n\t\t\t\t\t<a class=\"elementor-icon elementor-social-icon elementor-social-icon-facebook elementor-repeater-item-c5fa792\" href=\"https:\/\/www.facebook.com\/people\/Radex\/61560575167696\" target=\"_blank\">\n\t\t\t\t\t\t<span class=\"elementor-screen-only\">Facebook<\/span>\n\t\t\t\t\t\t<svg aria-hidden=\"true\" class=\"e-font-icon-svg e-fab-facebook\" viewBox=\"0 0 512 512\" xmlns=\"http:\/\/www.w3.org\/2000\/svg\"><path d=\"M504 256C504 119 393 8 256 8S8 119 8 256c0 123.78 90.69 226.38 209.25 245V327.69h-63V256h63v-54.64c0-62.15 37-96.48 93.67-96.48 27.14 0 55.52 4.84 55.52 4.84v61h-31.28c-30.8 0-40.41 19.12-40.41 38.73V256h68.78l-11 71.69h-57.78V501C413.31 482.38 504 379.78 504 256z\"><\/path><\/svg>\t\t\t\t\t<\/a>\n\t\t\t\t<\/span>\n\t\t\t\t\t\t\t<span class=\"elementor-grid-item\" role=\"listitem\">\n\t\t\t\t\t<a class=\"elementor-icon elementor-social-icon elementor-social-icon-x-twitter elementor-repeater-item-824e65a\" href=\"https:\/\/x.com\/RadexApp\" target=\"_blank\">\n\t\t\t\t\t\t<span class=\"elementor-screen-only\">X-twitter<\/span>\n\t\t\t\t\t\t<svg aria-hidden=\"true\" class=\"e-font-icon-svg e-fab-x-twitter\" viewBox=\"0 0 512 512\" xmlns=\"http:\/\/www.w3.org\/2000\/svg\"><path d=\"M389.2 48h70.6L305.6 224.2 487 464H345L233.7 318.6 106.5 464H35.8L200.7 275.5 26.8 48H172.4L272.9 180.9 389.2 48zM364.4 421.8h39.1L151.1 88h-42L364.4 421.8z\"><\/path><\/svg>\t\t\t\t\t<\/a>\n\t\t\t\t<\/span>\n\t\t\t\t\t\t\t<span class=\"elementor-grid-item\" role=\"listitem\">\n\t\t\t\t\t<a class=\"elementor-icon elementor-social-icon elementor-social-icon-linkedin elementor-repeater-item-6a4f6c5\" href=\"https:\/\/www.linkedin.com\/company\/radex-app\" target=\"_blank\">\n\t\t\t\t\t\t<span class=\"elementor-screen-only\">Linkedin<\/span>\n\t\t\t\t\t\t<svg aria-hidden=\"true\" class=\"e-font-icon-svg e-fab-linkedin\" viewBox=\"0 0 448 512\" xmlns=\"http:\/\/www.w3.org\/2000\/svg\"><path d=\"M416 32H31.9C14.3 32 0 46.5 0 64.3v383.4C0 465.5 14.3 480 31.9 480H416c17.6 0 32-14.5 32-32.3V64.3c0-17.8-14.4-32.3-32-32.3zM135.4 416H69V202.2h66.5V416zm-33.2-243c-21.3 0-38.5-17.3-38.5-38.5S80.9 96 102.2 96c21.2 0 38.5 17.3 38.5 38.5 0 21.3-17.2 38.5-38.5 38.5zm282.1 243h-66.4V312c0-24.8-.5-56.7-34.5-56.7-34.6 0-39.9 27-39.9 54.9V416h-66.4V202.2h63.7v29.2h.9c8.9-16.8 30.6-34.5 62.9-34.5 67.2 0 79.7 44.3 79.7 101.9V416z\"><\/path><\/svg>\t\t\t\t\t<\/a>\n\t\t\t\t<\/span>\n\t\t\t\t\t\t\t<span class=\"elementor-grid-item\" role=\"listitem\">\n\t\t\t\t\t<a class=\"elementor-icon elementor-social-icon elementor-social-icon-telegram-plane elementor-repeater-item-cbe3a40\" href=\"https:\/\/t.me\/+ZXePKeKovCAwMTAx\" target=\"_blank\">\n\t\t\t\t\t\t<span class=\"elementor-screen-only\">Telegram-plane<\/span>\n\t\t\t\t\t\t<svg aria-hidden=\"true\" class=\"e-font-icon-svg e-fab-telegram-plane\" viewBox=\"0 0 448 512\" xmlns=\"http:\/\/www.w3.org\/2000\/svg\"><path d=\"M446.7 98.6l-67.6 318.8c-5.1 22.5-18.4 28.1-37.3 17.5l-103-75.9-49.7 47.8c-5.5 5.5-10.1 10.1-20.7 10.1l7.4-104.9 190.9-172.5c8.3-7.4-1.8-11.5-12.9-4.1L117.8 284 16.2 252.2c-22.1-6.9-22.5-22.1 4.6-32.7L418.2 66.4c18.4-6.9 34.5 4.1 28.5 32.2z\"><\/path><\/svg>\t\t\t\t\t<\/a>\n\t\t\t\t<\/span>\n\t\t\t\t\t<\/div>\n\t\t\t\t\t\t<\/div>\n\t\t\t\t<\/div>\n\t\t\t\t<\/div>\n\t\t<div class=\"elementor-element elementor-element-cbb5c4a e-con-full e-flex e-con e-child\" data-id=\"cbb5c4a\" data-element_type=\"container\" data-e-type=\"container\">\n\t\t\t\t<div class=\"elementor-element elementor-element-6651475 elementor-widget elementor-widget-wpforms\" data-id=\"6651475\" data-element_type=\"widget\" data-e-type=\"widget\" data-widget_type=\"wpforms.default\">\n\t\t\t\t<div class=\"elementor-widget-container\">\n\t\t\t\t\t<div class=\"wpforms-container \" id=\"wpforms-11\"><form id=\"wpforms-form-11\" class=\"wpforms-validate wpforms-form wpforms-ajax-form\" data-formid=\"11\" method=\"post\" enctype=\"multipart\/form-data\" action=\"\/es\/wp-json\/wp\/v2\/pages\/1059\" data-token=\"6c1e42d6685b1f9b68e22cc5f27f6137\" data-token-time=\"1776610085\"><noscript class=\"wpforms-error-noscript\">Por favor, activa JavaScript en tu navegador para completar este formulario.<\/noscript><div class=\"wpforms-field-container\"><div id=\"wpforms-11-field_0-container\" class=\"wpforms-field wpforms-field-name\" data-field-id=\"0\"><label class=\"wpforms-field-label\" for=\"wpforms-11-field_0\">Nombre <span class=\"wpforms-required-label\">*<\/span><\/label><input type=\"text\" id=\"wpforms-11-field_0\" class=\"wpforms-field-large wpforms-field-required\" name=\"wpforms[fields][0]\" required><\/div><div id=\"wpforms-11-field_1-container\" class=\"wpforms-field wpforms-field-email\" data-field-id=\"1\"><label class=\"wpforms-field-label\" for=\"wpforms-11-field_1\">Email <span class=\"wpforms-required-label\">*<\/span><\/label><input type=\"email\" id=\"wpforms-11-field_1\" class=\"wpforms-field-large wpforms-field-required\" name=\"wpforms[fields][1]\" spellcheck=\"false\" required><\/div><div id=\"wpforms-11-field_3-container\" class=\"wpforms-field wpforms-field-radio\" data-field-id=\"3\"><label class=\"wpforms-field-label\">Tengo una pregunta acerca de:<\/label><ul id=\"wpforms-11-field_3\"><li class=\"choice-1 depth-1\"><input type=\"radio\" id=\"wpforms-11-field_3_1\" name=\"wpforms[fields][3]\" value=\"Radex App\"  ><label class=\"wpforms-field-label-inline\" for=\"wpforms-11-field_3_1\">Radex App<\/label><\/li><li class=\"choice-2 depth-1\"><input type=\"radio\" id=\"wpforms-11-field_3_2\" name=\"wpforms[fields][3]\" value=\"Radiaci\u00f3n 5G EMF\"  ><label class=\"wpforms-field-label-inline\" for=\"wpforms-11-field_3_2\">Radiaci\u00f3n 5G EMF<\/label><\/li><li class=\"choice-3 depth-1\"><input type=\"radio\" id=\"wpforms-11-field_3_3\" name=\"wpforms[fields][3]\" value=\"Calibraci\u00f3n profesional\"  ><label class=\"wpforms-field-label-inline\" for=\"wpforms-11-field_3_3\">Calibraci\u00f3n profesional<\/label><\/li><\/ul><\/div><div id=\"wpforms-11-field_2-container\" class=\"wpforms-field wpforms-field-textarea\" data-field-id=\"2\"><label class=\"wpforms-field-label\" for=\"wpforms-11-field_2\">Preguntas o mensaje <span class=\"wpforms-required-label\">*<\/span><\/label><textarea id=\"wpforms-11-field_2\" class=\"wpforms-field-medium wpforms-field-required\" name=\"wpforms[fields][2]\" required><\/textarea><\/div><\/div><!-- .wpforms-field-container --><div class=\"wpforms-submit-container\" ><input type=\"hidden\" name=\"wpforms[id]\" value=\"11\"><input type=\"hidden\" name=\"page_title\" value=\"\"><input type=\"hidden\" name=\"page_url\" value=\"https:\/\/radex.app\/es\/wp-json\/wp\/v2\/pages\/1059\"><input type=\"hidden\" name=\"url_referer\" value=\"\"><button type=\"submit\" name=\"wpforms[submit]\" id=\"wpforms-submit-11\" class=\"wpforms-submit\" data-alt-text=\"Sending...\" data-submit-text=\"Submit\" aria-live=\"assertive\" value=\"wpforms-submit\">Submit<\/button><img decoding=\"async\" src=\"https:\/\/radex.app\/es\/wp-content\/plugins\/wpforms-lite\/assets\/images\/submit-spin.svg\" class=\"wpforms-submit-spinner\" style=\"display: none;\" width=\"26\" height=\"26\" alt=\"Cargando\"><\/div><\/form><\/div>  <!-- .wpforms-container -->\t\t\t\t<\/div>\n\t\t\t\t<\/div>\n\t\t\t\t<\/div>\n\t\t\t\t\t<\/div>\n\t\t\t\t<\/div>\n\t\t\t\t<\/div>\n\t\t\t\t\t<\/div>\n\t\t\t\t<\/div>\n\t\t<div class=\"elementor-element elementor-element-1908db6 e-con-full e-flex e-con e-parent\" data-id=\"1908db6\" data-element_type=\"container\" data-e-type=\"container\">\n\t\t<div class=\"elementor-element elementor-element-9d51908 e-con-full e-flex e-con e-child\" data-id=\"9d51908\" data-element_type=\"container\" data-e-type=\"container\">\n\t\t\t\t<div class=\"elementor-element elementor-element-188b5b3 elementor-widget elementor-widget-google_maps\" data-id=\"188b5b3\" data-element_type=\"widget\" data-e-type=\"widget\" data-widget_type=\"google_maps.default\">\n\t\t\t\t<div class=\"elementor-widget-container\">\n\t\t\t\t\t\t\t<div class=\"elementor-custom-embed\">\n\t\t\t<iframe loading=\"lazy\"\n\t\t\t\t\tsrc=\"https:\/\/maps.google.com\/maps?q=Bogota&#038;t=m&#038;z=14&#038;output=embed&#038;iwloc=near\"\n\t\t\t\t\ttitle=\"Bogota\"\n\t\t\t\t\taria-label=\"Bogota\"\n\t\t\t><\/iframe>\n\t\t<\/div>\n\t\t\t\t\t\t<\/div>\n\t\t\t\t<\/div>\n\t\t\t\t<\/div>\n\t\t\t\t<\/div>\n\t\t\t\t<\/div>\n\t\t","protected":false},"excerpt":{"rendered":"<p>CONTACTO \u00bfTiene preguntas sobre Radex? Por favor, p\u00f3ngase en contacto con nosotros si tiene alguna pregunta o comparte sus ideas. General Para todas las consultas relacionadas con negocios o informes de errores, comun\u00edquese con nosotros mediante el formulario actual. Keep in touch Facebook X-twitter Linkedin Telegram-plane Por favor, activa JavaScript en tu navegador para completar [&hellip;]<\/p>\n","protected":false},"author":1,"featured_media":0,"parent":0,"menu_order":0,"comment_status":"closed","ping_status":"closed","template":"","meta":{"site-sidebar-layout":"no-sidebar","site-content-layout":"page-builder","ast-site-content-layout":"full-width-container","site-content-style":"unboxed","site-sidebar-style":"unboxed","ast-global-header-display":"","ast-banner-title-visibility":"","ast-main-header-display":"","ast-hfb-above-header-display":"","ast-hfb-below-header-display":"","ast-hfb-mobile-header-display":"","site-post-title":"disabled","ast-breadcrumbs-content":"","ast-featured-img":"disabled","footer-sml-layout":"","ast-disable-related-posts":"","theme-transparent-header-meta":"enabled","adv-header-id-meta":"","stick-header-meta":"","header-above-stick-meta":"","header-main-stick-meta":"","header-below-stick-meta":"","astra-migrate-meta-layouts":"set","ast-page-background-enabled":"default","ast-page-background-meta":{"desktop":{"background-color":"var(--ast-global-color-4)","background-image":"","background-repeat":"repeat","background-position":"center center","background-size":"auto","background-attachment":"scroll","background-type":"","background-media":"","overlay-type":"","overlay-color":"","overlay-opacity":"","overlay-gradient":""},"tablet":{"background-color":"","background-image":"","background-repeat":"repeat","background-position":"center center","background-size":"auto","background-attachment":"scroll","background-type":"","background-media":"","overlay-type":"","overlay-color":"","overlay-opacity":"","overlay-gradient":""},"mobile":{"background-color":"","background-image":"","background-repeat":"repeat","background-position":"center center","background-size":"auto","background-attachment":"scroll","background-type":"","background-media":"","overlay-type":"","overlay-color":"","overlay-opacity":"","overlay-gradient":""}},"ast-content-background-meta":{"desktop":{"background-color":"var(--ast-global-color-5)","background-image":"","background-repeat":"repeat","background-position":"center center","background-size":"auto","background-attachment":"scroll","background-type":"","background-media":"","overlay-type":"","overlay-color":"","overlay-opacity":"","overlay-gradient":""},"tablet":{"background-color":"var(--ast-global-color-5)","background-image":"","background-repeat":"repeat","background-position":"center center","background-size":"auto","background-attachment":"scroll","background-type":"","background-media":"","overlay-type":"","overlay-color":"","overlay-opacity":"","overlay-gradient":""},"mobile":{"background-color":"var(--ast-global-color-5)","background-image":"","background-repeat":"repeat","background-position":"center center","background-size":"auto","background-attachment":"scroll","background-type":"","background-media":"","overlay-type":"","overlay-color":"","overlay-opacity":"","overlay-gradient":""}},"footnotes":""},"class_list":["post-1059","page","type-page","status-publish","hentry"],"yoast_head":"<!-- This site is optimized with the Yoast SEO plugin v27.4 - https:\/\/yoast.com\/product\/yoast-seo-wordpress\/ -->\n<title>Contacto - Radex<\/title>\n<meta name=\"robots\" content=\"index, follow, max-snippet:-1, max-image-preview:large, max-video-preview:-1\" \/>\n<link rel=\"canonical\" href=\"https:\/\/radex.app\/es\/contacto\/\" \/>\n<meta property=\"og:locale\" content=\"es_ES\" \/>\n<meta property=\"og:type\" content=\"article\" \/>\n<meta property=\"og:title\" content=\"Contacto - Radex\" \/>\n<meta property=\"og:description\" content=\"CONTACTO \u00bfTiene preguntas sobre Radex? Por favor, p\u00f3ngase en contacto con nosotros si tiene alguna pregunta o comparte sus ideas. General Para todas las consultas relacionadas con negocios o informes de errores, comun\u00edquese con nosotros mediante el formulario actual. Keep in touch Facebook X-twitter Linkedin Telegram-plane Por favor, activa JavaScript en tu navegador para completar [&hellip;]\" \/>\n<meta property=\"og:url\" content=\"https:\/\/radex.app\/es\/contacto\/\" \/>\n<meta property=\"og:site_name\" content=\"Radex\" \/>\n<meta property=\"article:publisher\" content=\"https:\/\/www.facebook.com\/people\/Radex\/61560575167696\" \/>\n<meta property=\"article:modified_time\" content=\"2025-04-19T02:13:02+00:00\" \/>\n<meta property=\"og:image\" content=\"https:\/\/radex.app\/es\/wp-content\/plugins\/wpforms-lite\/assets\/images\/submit-spin.svg\" \/>\n<meta name=\"twitter:card\" content=\"summary_large_image\" \/>\n<meta name=\"twitter:site\" content=\"@RadexApp\" \/>\n<meta name=\"twitter:label1\" content=\"Tiempo de lectura\" \/>\n\t<meta name=\"twitter:data1\" content=\"1 minuto\" \/>\n<script type=\"application\/ld+json\" class=\"yoast-schema-graph\">{\"@context\":\"https:\\\/\\\/schema.org\",\"@graph\":[{\"@type\":\"WebPage\",\"@id\":\"https:\\\/\\\/radex.app\\\/es\\\/contacto\\\/\",\"url\":\"https:\\\/\\\/radex.app\\\/es\\\/contacto\\\/\",\"name\":\"Contacto - Radex\",\"isPartOf\":{\"@id\":\"https:\\\/\\\/radex.app\\\/es\\\/#website\"},\"primaryImageOfPage\":{\"@id\":\"https:\\\/\\\/radex.app\\\/es\\\/contacto\\\/#primaryimage\"},\"image\":{\"@id\":\"https:\\\/\\\/radex.app\\\/es\\\/contacto\\\/#primaryimage\"},\"thumbnailUrl\":\"https:\\\/\\\/radex.app\\\/es\\\/wp-content\\\/plugins\\\/wpforms-lite\\\/assets\\\/images\\\/submit-spin.svg\",\"datePublished\":\"2025-03-18T14:33:22+00:00\",\"dateModified\":\"2025-04-19T02:13:02+00:00\",\"breadcrumb\":{\"@id\":\"https:\\\/\\\/radex.app\\\/es\\\/contacto\\\/#breadcrumb\"},\"inLanguage\":\"es\",\"potentialAction\":[{\"@type\":\"ReadAction\",\"target\":[\"https:\\\/\\\/radex.app\\\/es\\\/contacto\\\/\"]}]},{\"@type\":\"ImageObject\",\"inLanguage\":\"es\",\"@id\":\"https:\\\/\\\/radex.app\\\/es\\\/contacto\\\/#primaryimage\",\"url\":\"https:\\\/\\\/radex.app\\\/es\\\/wp-content\\\/plugins\\\/wpforms-lite\\\/assets\\\/images\\\/submit-spin.svg\",\"contentUrl\":\"https:\\\/\\\/radex.app\\\/es\\\/wp-content\\\/plugins\\\/wpforms-lite\\\/assets\\\/images\\\/submit-spin.svg\"},{\"@type\":\"BreadcrumbList\",\"@id\":\"https:\\\/\\\/radex.app\\\/es\\\/contacto\\\/#breadcrumb\",\"itemListElement\":[{\"@type\":\"ListItem\",\"position\":1,\"name\":\"Portada\",\"item\":\"https:\\\/\\\/radex.app\\\/es\\\/\"},{\"@type\":\"ListItem\",\"position\":2,\"name\":\"Contacto\"}]},{\"@type\":\"WebSite\",\"@id\":\"https:\\\/\\\/radex.app\\\/es\\\/#website\",\"url\":\"https:\\\/\\\/radex.app\\\/es\\\/\",\"name\":\"Radex\",\"description\":\"Radex Detector 5G EMF  - es una aplicaci\u00f3n m\u00f3vil que detecta la radiaci\u00f3n EMF en el dispositivo y en el entorno, el software est\u00e1 calibrado con equipos profesionales.\",\"publisher\":{\"@id\":\"https:\\\/\\\/radex.app\\\/es\\\/#organization\"},\"alternateName\":\"Radex Detector 5G EMF\",\"potentialAction\":[{\"@type\":\"SearchAction\",\"target\":{\"@type\":\"EntryPoint\",\"urlTemplate\":\"https:\\\/\\\/radex.app\\\/es\\\/?s={search_term_string}\"},\"query-input\":{\"@type\":\"PropertyValueSpecification\",\"valueRequired\":true,\"valueName\":\"search_term_string\"}}],\"inLanguage\":\"es\"},{\"@type\":\"Organization\",\"@id\":\"https:\\\/\\\/radex.app\\\/es\\\/#organization\",\"name\":\"Radex\",\"url\":\"https:\\\/\\\/radex.app\\\/es\\\/\",\"logo\":{\"@type\":\"ImageObject\",\"inLanguage\":\"es\",\"@id\":\"https:\\\/\\\/radex.app\\\/es\\\/#\\\/schema\\\/logo\\\/image\\\/\",\"url\":\"https:\\\/\\\/radex.app\\\/es\\\/wp-content\\\/uploads\\\/2025\\\/03\\\/RadexTheLogoWebsite.png\",\"contentUrl\":\"https:\\\/\\\/radex.app\\\/es\\\/wp-content\\\/uploads\\\/2025\\\/03\\\/RadexTheLogoWebsite.png\",\"width\":200,\"height\":63,\"caption\":\"Radex\"},\"image\":{\"@id\":\"https:\\\/\\\/radex.app\\\/es\\\/#\\\/schema\\\/logo\\\/image\\\/\"},\"sameAs\":[\"https:\\\/\\\/www.facebook.com\\\/people\\\/Radex\\\/61560575167696\",\"https:\\\/\\\/x.com\\\/RadexApp\",\"https:\\\/\\\/www.linkedin.com\\\/company\\\/radex-app\",\"https:\\\/\\\/t.me\\\/+ZXePKeKovCAwMTAx\"]}]}<\/script>\n<!-- \/ Yoast SEO plugin. -->","yoast_head_json":{"title":"Contacto - Radex","robots":{"index":"index","follow":"follow","max-snippet":"max-snippet:-1","max-image-preview":"max-image-preview:large","max-video-preview":"max-video-preview:-1"},"canonical":"https:\/\/radex.app\/es\/contacto\/","og_locale":"es_ES","og_type":"article","og_title":"Contacto - Radex","og_description":"CONTACTO \u00bfTiene preguntas sobre Radex? Por favor, p\u00f3ngase en contacto con nosotros si tiene alguna pregunta o comparte sus ideas. General Para todas las consultas relacionadas con negocios o informes de errores, comun\u00edquese con nosotros mediante el formulario actual. Keep in touch Facebook X-twitter Linkedin Telegram-plane Por favor, activa JavaScript en tu navegador para completar [&hellip;]","og_url":"https:\/\/radex.app\/es\/contacto\/","og_site_name":"Radex","article_publisher":"https:\/\/www.facebook.com\/people\/Radex\/61560575167696","article_modified_time":"2025-04-19T02:13:02+00:00","og_image":[{"url":"https:\/\/radex.app\/es\/wp-content\/plugins\/wpforms-lite\/assets\/images\/submit-spin.svg","type":"","width":"","height":""}],"twitter_card":"summary_large_image","twitter_site":"@RadexApp","twitter_misc":{"Tiempo de lectura":"1 minuto"},"schema":{"@context":"https:\/\/schema.org","@graph":[{"@type":"WebPage","@id":"https:\/\/radex.app\/es\/contacto\/","url":"https:\/\/radex.app\/es\/contacto\/","name":"Contacto - Radex","isPartOf":{"@id":"https:\/\/radex.app\/es\/#website"},"primaryImageOfPage":{"@id":"https:\/\/radex.app\/es\/contacto\/#primaryimage"},"image":{"@id":"https:\/\/radex.app\/es\/contacto\/#primaryimage"},"thumbnailUrl":"https:\/\/radex.app\/es\/wp-content\/plugins\/wpforms-lite\/assets\/images\/submit-spin.svg","datePublished":"2025-03-18T14:33:22+00:00","dateModified":"2025-04-19T02:13:02+00:00","breadcrumb":{"@id":"https:\/\/radex.app\/es\/contacto\/#breadcrumb"},"inLanguage":"es","potentialAction":[{"@type":"ReadAction","target":["https:\/\/radex.app\/es\/contacto\/"]}]},{"@type":"ImageObject","inLanguage":"es","@id":"https:\/\/radex.app\/es\/contacto\/#primaryimage","url":"https:\/\/radex.app\/es\/wp-content\/plugins\/wpforms-lite\/assets\/images\/submit-spin.svg","contentUrl":"https:\/\/radex.app\/es\/wp-content\/plugins\/wpforms-lite\/assets\/images\/submit-spin.svg"},{"@type":"BreadcrumbList","@id":"https:\/\/radex.app\/es\/contacto\/#breadcrumb","itemListElement":[{"@type":"ListItem","position":1,"name":"Portada","item":"https:\/\/radex.app\/es\/"},{"@type":"ListItem","position":2,"name":"Contacto"}]},{"@type":"WebSite","@id":"https:\/\/radex.app\/es\/#website","url":"https:\/\/radex.app\/es\/","name":"Radex","description":"Radex Detector 5G EMF  - es una aplicaci\u00f3n m\u00f3vil que detecta la radiaci\u00f3n EMF en el dispositivo y en el entorno, el software est\u00e1 calibrado con equipos profesionales.","publisher":{"@id":"https:\/\/radex.app\/es\/#organization"},"alternateName":"Radex Detector 5G EMF","potentialAction":[{"@type":"SearchAction","target":{"@type":"EntryPoint","urlTemplate":"https:\/\/radex.app\/es\/?s={search_term_string}"},"query-input":{"@type":"PropertyValueSpecification","valueRequired":true,"valueName":"search_term_string"}}],"inLanguage":"es"},{"@type":"Organization","@id":"https:\/\/radex.app\/es\/#organization","name":"Radex","url":"https:\/\/radex.app\/es\/","logo":{"@type":"ImageObject","inLanguage":"es","@id":"https:\/\/radex.app\/es\/#\/schema\/logo\/image\/","url":"https:\/\/radex.app\/es\/wp-content\/uploads\/2025\/03\/RadexTheLogoWebsite.png","contentUrl":"https:\/\/radex.app\/es\/wp-content\/uploads\/2025\/03\/RadexTheLogoWebsite.png","width":200,"height":63,"caption":"Radex"},"image":{"@id":"https:\/\/radex.app\/es\/#\/schema\/logo\/image\/"},"sameAs":["https:\/\/www.facebook.com\/people\/Radex\/61560575167696","https:\/\/x.com\/RadexApp","https:\/\/www.linkedin.com\/company\/radex-app","https:\/\/t.me\/+ZXePKeKovCAwMTAx"]}]}},"_links":{"self":[{"href":"https:\/\/radex.app\/es\/wp-json\/wp\/v2\/pages\/1059","targetHints":{"allow":["GET"]}}],"collection":[{"href":"https:\/\/radex.app\/es\/wp-json\/wp\/v2\/pages"}],"about":[{"href":"https:\/\/radex.app\/es\/wp-json\/wp\/v2\/types\/page"}],"author":[{"embeddable":true,"href":"https:\/\/radex.app\/es\/wp-json\/wp\/v2\/users\/1"}],"replies":[{"embeddable":true,"href":"https:\/\/radex.app\/es\/wp-json\/wp\/v2\/comments?post=1059"}],"version-history":[{"count":3,"href":"https:\/\/radex.app\/es\/wp-json\/wp\/v2\/pages\/1059\/revisions"}],"predecessor-version":[{"id":1440,"href":"https:\/\/radex.app\/es\/wp-json\/wp\/v2\/pages\/1059\/revisions\/1440"}],"wp:attachment":[{"href":"https:\/\/radex.app\/es\/wp-json\/wp\/v2\/media?parent=1059"}],"curies":[{"name":"wp","href":"https:\/\/api.w.org\/{rel}","templated":true}]}}