{"id":1426,"date":"2025-03-18T18:55:30","date_gmt":"2025-03-18T17:55:30","guid":{"rendered":"https:\/\/radex.app\/es\/?page_id=1426"},"modified":"2025-04-03T08:03:18","modified_gmt":"2025-04-03T06:03:18","slug":"terminos-y-condiciones","status":"publish","type":"page","link":"https:\/\/radex.app\/es\/terminos-y-condiciones\/","title":{"rendered":"Terminos y Condiciones"},"content":{"rendered":"\t\t<div data-elementor-type=\"wp-page\" data-elementor-id=\"1426\" class=\"elementor elementor-1426\">\n\t\t\t\t<div class=\"elementor-element elementor-element-619568c5 e-flex e-con-boxed e-con e-parent\" data-id=\"619568c5\" data-element_type=\"container\" data-e-type=\"container\">\n\t\t\t\t\t<div class=\"e-con-inner\">\n\t\t\t\t<div class=\"elementor-element elementor-element-138d319c elementor-widget elementor-widget-text-editor\" data-id=\"138d319c\" data-element_type=\"widget\" data-e-type=\"widget\" data-widget_type=\"text-editor.default\">\n\t\t\t\t<div class=\"elementor-widget-container\">\n\t\t\t\t\t\t\t\t\t<p><\/p>\n<h2>Fecha de entrada en vigor: 2 de abril de 2025<\/h2>\n<p>Al acceder al sitio web y a las aplicaciones m\u00f3viles de Radex App, acepta los siguientes t\u00e9rminos. Si no los acepta, no podr\u00e1 usar el sitio ni las aplicaciones.<br>NETM S A S, (que opera como \u201cRadex App\u201d, que opera como \u201cRadex 5G EMF Detector\u201d, que opera como \u201cRadex\u201d), (\u201cRadex App\u201d, \u201cRadex 5G EMF Detector\u201d, \u201cRadex\u201d, \u201cnosotros\u201d, \u201cnos\u201d, \u201cnuestro\u201d) le proporciona sus servicios (descritos a continuaci\u00f3n) a trav\u00e9s de su sitio web ubicado en https:\/\/www.radex.app, https:\/\/radex.app, (el \u201cSitio\u201d) y a trav\u00e9s de sus aplicaciones m\u00f3viles y servicios relacionados (colectivamente, dichos servicios, incluyendo cualquier nueva funci\u00f3n y aplicaci\u00f3n, y el Sitio, el \u201cServicio(s)\u201d, \u201cRadex App\u201d, \u201cRadex 5G EMF Detector\u201d, \u201cRadex\u201d), sujeto a los siguientes T\u00e9rminos de Servicio (seg\u00fan se modifiquen de vez en cuando, los \u201cT\u00e9rminos de Servicio\u201d). Nos reservamos el derecho, a nuestra entera discreci\u00f3n, de cambiar o modificar partes de estos T\u00e9rminos y Condiciones en cualquier momento. Si lo hacemos, publicaremos los cambios en esta p\u00e1gina e indicaremos en la parte superior la fecha de la \u00faltima revisi\u00f3n de estos t\u00e9rminos. Dichos cambios entrar\u00e1n en vigor de inmediato, y su uso continuado del Servicio despu\u00e9s de dicha fecha constituye su aceptaci\u00f3n de los nuevos T\u00e9rminos y Condiciones.<\/p>\n<p>Lea atentamente estos t\u00e9rminos, ya que contienen un acuerdo de arbitraje y otra informaci\u00f3n importante sobre sus derechos, recursos y obligaciones legales. El acuerdo de arbitraje exige (con excepciones limitadas) que someta las reclamaciones que tenga contra nosotros a un arbitraje vinculante y definitivo. Adem\u00e1s, (1) solo podr\u00e1 interponer reclamaciones contra Radex App\/Radex 5G EMF Detector de forma individual, no como demandante ni miembro de un grupo en ninguna acci\u00f3n o procedimiento colectivo o representativo. (2) solo podr\u00e1 solicitar reparaci\u00f3n (incluidas medidas monetarias, cautelares y declaratorias) de forma individual. (3) es posible que no pueda resolver sus reclamaciones contra nosotros ante un jurado o un tribunal.<br>Asimismo, al utilizar ciertos servicios, estar\u00e1 sujeto a los t\u00e9rminos adicionales aplicables a dichos servicios que se publiquen en el Servicio ocasionalmente, incluyendo, entre otros, la Pol\u00edtica de Privacidad. Todos estos t\u00e9rminos se incorporan por referencia a estos T\u00e9rminos de Servicio.<\/p>\n<p><strong>Acceso y uso del Servicio<\/strong><br><strong>Descripci\u00f3n del Servicio:<\/strong><\/p>\n<p>El Servicio est\u00e1 dise\u00f1ado para permitir a los usuarios medir la radiaci\u00f3n EMF 5G de forma gratuita y efectiva con todo el software relacionado, calibrado con equipos profesionales.<\/p><p><strong>Sus obligaciones:<\/strong><\/p>\n<p>Es posible que deba descargar e instalar la aplicaci\u00f3n Radex\/Radex para acceder y utilizar ciertas funciones del Servicio. Si decide utilizar cualquier software para el Servicio, acepta los t\u00e9rminos y condiciones.<br>Modificaciones del Servicio: La aplicaci\u00f3n Radex\/Radex se reserva el derecho de modificar o interrumpir, temporal o permanentemente, el Servicio (o cualquier parte del mismo) con o sin previo aviso. Usted acepta que la aplicaci\u00f3n Radex\/Radex no ser\u00e1 responsable ante usted ni ante terceros por ninguna modificaci\u00f3n, suspensi\u00f3n o interrupci\u00f3n del Servicio.<\/p><p><strong>Servicios M\u00f3viles:<\/strong><\/p>\n<p>El Servicio incluye ciertos servicios disponibles a trav\u00e9s de un dispositivo m\u00f3vil o smartwatch, incluyendo (i) la posibilidad de usar sensores del dispositivo a trav\u00e9s de un dispositivo m\u00f3vil o smartwatch, (ii) la posibilidad de detectar diferentes mediciones con un dispositivo m\u00f3vil o smartwatch y (iii) el acceso a ciertas funciones mediante una aplicaci\u00f3n descargada e instalada en un dispositivo m\u00f3vil o smartwatch (en conjunto, los \u00abServicios M\u00f3viles\u00bb). Si accede al Servicio a trav\u00e9s de un dispositivo m\u00f3vil o smartwatch, podr\u00edan aplicarse las tarifas est\u00e1ndar, las tarifas de datos y otras tarifas de su operador de telefon\u00eda m\u00f3vil. Adem\u00e1s, la descarga, instalaci\u00f3n o uso de ciertos Servicios M\u00f3viles podr\u00eda estar prohibido o restringido por su operador, y es posible que no todos los Servicios M\u00f3viles sean compatibles con todos los operadores o dispositivos.<\/p>\n<p><strong>Condiciones de uso<\/strong><br><strong>Conducta del usuario:<\/strong><\/p>\n<p>Usted es el \u00fanico responsable de toda la informaci\u00f3n, datos, texto, software, gr\u00e1ficos u otros materiales (\u00abcontenido\u00bb) que utilice a trav\u00e9s del Servicio. Se compromete a no utilizar el Servicio ni a aplicar ingenier\u00eda inversa al software relacionado.<\/p><p><strong>Uso comercial:<\/strong><\/p>\n<p>Salvo autorizaci\u00f3n expresa en este documento o en el Servicio, usted se compromete a no mostrar, distribuir, licenciar, ejecutar, publicar, reproducir, duplicar, copiar, crear obras derivadas, modificar, vender, revender, explotar, transferir ni cargar con fines comerciales ninguna parte del Servicio, su uso o acceso al mismo. El Servicio es para su uso personal.<\/p>\n<p><strong>Canales de Distribuci\u00f3n de Terceros<\/strong><\/p>\n<p>Radex App\/Radex ofrece aplicaciones de Software que pueden estar disponibles a trav\u00e9s de la App Store de Apple, la Play Store de Google u otros canales de distribuci\u00f3n (\u00abCanales de Distribuci\u00f3n\u00bb). Si obtiene dicho Software a trav\u00e9s de un Canal de Distribuci\u00f3n, podr\u00eda estar sujeto a t\u00e9rminos adicionales del Canal de Distribuci\u00f3n. Estos T\u00e9rminos de Servicio se aplican \u00fanicamente entre usted y nosotros, y no con el Canal de Distribuci\u00f3n. En la medida en que utilice productos y servicios de terceros en relaci\u00f3n con el uso de nuestros Servicios, se compromete a cumplir con todos los t\u00e9rminos aplicables de cualquier acuerdo para dichos productos y servicios de terceros.<\/p>\n<p><strong>Derechos de Propiedad Intelectual<\/strong><br><strong>Contenido del Servicio, Software y Marcas Registradas:<\/strong><\/p>\n<p>Usted reconoce y acepta que el Servicio puede contener contenido o funciones (\u00abContenido del Servicio\u00bb) protegidos por derechos de autor, patentes, marcas registradas, secretos comerciales u otros derechos y leyes de propiedad. Salvo autorizaci\u00f3n expresa de Radex App\/Radex, usted se compromete a no modificar, copiar, enmarcar, extraer, alquilar, arrendar, prestar, vender, distribuir ni crear obras derivadas basadas en el Servicio o el Contenido del Servicio, ni total ni parcialmente, salvo que lo anterior no se aplique a su propio Contenido de Usuario (seg\u00fan se define a continuaci\u00f3n) que utilice legalmente en el Servicio. En relaci\u00f3n con el uso del Servicio, no participar\u00e1 ni utilizar\u00e1 miner\u00eda de datos, robots, extracci\u00f3n de datos ni m\u00e9todos similares de recopilaci\u00f3n o extracci\u00f3n de datos. Queda estrictamente prohibido cualquier uso del Servicio o del Contenido del Servicio que no est\u00e9 espec\u00edficamente autorizado en este documento. La tecnolog\u00eda y el software subyacentes al Servicio o distribuidos en relaci\u00f3n con el mismo son propiedad de Radex App\/Radex, nuestras filiales y nuestros socios (el \u00abSoftware\u00bb). Usted se compromete a no copiar, modificar, crear obras derivadas, aplicar ingenier\u00eda inversa, desensamblar ni intentar de cualquier otra forma descubrir el c\u00f3digo fuente, vender, ceder, sublicenciar ni transferir ning\u00fan derecho sobre el Software. Radex App\/Radex se reserva todos los derechos no expresamente otorgados en este documento.<\/p>\n<p><strong>Sitios web de terceros<\/strong><\/p>\n<p>El Servicio puede proporcionar, o terceros pueden proporcionar, enlaces u otros accesos a otros sitios y recursos en Internet. Radex App\/Radex no tiene control sobre dichos sitios y recursos, y no se responsabiliza ni los avala. Adem\u00e1s, usted reconoce y acepta que Radex App\/Radex no ser\u00e1 responsable, directa ni indirectamente, de ning\u00fan da\u00f1o o p\u00e9rdida causados o presuntamente causados por, o en relaci\u00f3n con, el uso o la confianza depositada en cualquier contenido, evento, producto o servicio disponible en o a trav\u00e9s de dichos sitios o recursos. Cualquier relaci\u00f3n que tenga con terceros al usar el Servicio se establece entre usted y el tercero, y usted acepta que Radex App\/Radex no se responsabiliza de ninguna p\u00e9rdida o reclamaci\u00f3n que pueda tener contra dicho tercero.<\/p>\n<p><strong>Contacto<\/strong> <br>Si tiene alguna pregunta o comentario sobre estos T\u00e9rminos y Condiciones Generales de Uso, no dude en contactarnos en contact@radex.app<\/p>\n<p><\/p>\n<p><\/p>\t\t\t\t\t\t\t\t<\/div>\n\t\t\t\t<\/div>\n\t\t\t\t\t<\/div>\n\t\t\t\t<\/div>\n\t\t\t\t<\/div>\n\t\t","protected":false},"excerpt":{"rendered":"<p>Fecha de entrada en vigor: 2 de abril de 2025 Al acceder al sitio web y a las aplicaciones m\u00f3viles de Radex App, acepta los siguientes t\u00e9rminos. Si no los acepta, no podr\u00e1 usar el sitio ni las aplicaciones.NETM S A S, (que opera como \u201cRadex App\u201d, que opera como \u201cRadex 5G EMF Detector\u201d, que [&hellip;]<\/p>\n","protected":false},"author":1,"featured_media":0,"parent":0,"menu_order":0,"comment_status":"closed","ping_status":"closed","template":"","meta":{"site-sidebar-layout":"default","site-content-layout":"","ast-site-content-layout":"default","site-content-style":"default","site-sidebar-style":"default","ast-global-header-display":"","ast-banner-title-visibility":"","ast-main-header-display":"","ast-hfb-above-header-display":"","ast-hfb-below-header-display":"","ast-hfb-mobile-header-display":"","site-post-title":"","ast-breadcrumbs-content":"","ast-featured-img":"","footer-sml-layout":"","ast-disable-related-posts":"","theme-transparent-header-meta":"","adv-header-id-meta":"","stick-header-meta":"","header-above-stick-meta":"","header-main-stick-meta":"","header-below-stick-meta":"","astra-migrate-meta-layouts":"set","ast-page-background-enabled":"default","ast-page-background-meta":{"desktop":{"background-color":"var(--ast-global-color-4)","background-image":"","background-repeat":"repeat","background-position":"center center","background-size":"auto","background-attachment":"scroll","background-type":"","background-media":"","overlay-type":"","overlay-color":"","overlay-opacity":"","overlay-gradient":""},"tablet":{"background-color":"","background-image":"","background-repeat":"repeat","background-position":"center center","background-size":"auto","background-attachment":"scroll","background-type":"","background-media":"","overlay-type":"","overlay-color":"","overlay-opacity":"","overlay-gradient":""},"mobile":{"background-color":"","background-image":"","background-repeat":"repeat","background-position":"center center","background-size":"auto","background-attachment":"scroll","background-type":"","background-media":"","overlay-type":"","overlay-color":"","overlay-opacity":"","overlay-gradient":""}},"ast-content-background-meta":{"desktop":{"background-color":"var(--ast-global-color-5)","background-image":"","background-repeat":"repeat","background-position":"center center","background-size":"auto","background-attachment":"scroll","background-type":"","background-media":"","overlay-type":"","overlay-color":"","overlay-opacity":"","overlay-gradient":""},"tablet":{"background-color":"var(--ast-global-color-5)","background-image":"","background-repeat":"repeat","background-position":"center center","background-size":"auto","background-attachment":"scroll","background-type":"","background-media":"","overlay-type":"","overlay-color":"","overlay-opacity":"","overlay-gradient":""},"mobile":{"background-color":"var(--ast-global-color-5)","background-image":"","background-repeat":"repeat","background-position":"center center","background-size":"auto","background-attachment":"scroll","background-type":"","background-media":"","overlay-type":"","overlay-color":"","overlay-opacity":"","overlay-gradient":""}},"footnotes":""},"class_list":["post-1426","page","type-page","status-publish","hentry"],"yoast_head":"<!-- This site is optimized with the Yoast SEO plugin v27.4 - https:\/\/yoast.com\/product\/yoast-seo-wordpress\/ -->\n<title>Terminos y Condiciones - Radex<\/title>\n<meta name=\"robots\" content=\"index, follow, max-snippet:-1, max-image-preview:large, max-video-preview:-1\" \/>\n<link rel=\"canonical\" href=\"https:\/\/radex.app\/es\/terminos-y-condiciones\/\" \/>\n<meta property=\"og:locale\" content=\"es_ES\" \/>\n<meta property=\"og:type\" content=\"article\" \/>\n<meta property=\"og:title\" content=\"Terminos y Condiciones - Radex\" \/>\n<meta property=\"og:description\" content=\"Fecha de entrada en vigor: 2 de abril de 2025 Al acceder al sitio web y a las aplicaciones m\u00f3viles de Radex App, acepta los siguientes t\u00e9rminos. Si no los acepta, no podr\u00e1 usar el sitio ni las aplicaciones.NETM S A S, (que opera como \u201cRadex App\u201d, que opera como \u201cRadex 5G EMF Detector\u201d, que [&hellip;]\" \/>\n<meta property=\"og:url\" content=\"https:\/\/radex.app\/es\/terminos-y-condiciones\/\" \/>\n<meta property=\"og:site_name\" content=\"Radex\" \/>\n<meta property=\"article:publisher\" content=\"https:\/\/www.facebook.com\/people\/Radex\/61560575167696\" \/>\n<meta property=\"article:modified_time\" content=\"2025-04-03T06:03:18+00:00\" \/>\n<meta name=\"twitter:card\" content=\"summary_large_image\" \/>\n<meta name=\"twitter:site\" content=\"@RadexApp\" \/>\n<meta name=\"twitter:label1\" content=\"Tiempo de lectura\" \/>\n\t<meta name=\"twitter:data1\" content=\"6 minutos\" \/>\n<script type=\"application\/ld+json\" class=\"yoast-schema-graph\">{\"@context\":\"https:\\\/\\\/schema.org\",\"@graph\":[{\"@type\":\"WebPage\",\"@id\":\"https:\\\/\\\/radex.app\\\/es\\\/terminos-y-condiciones\\\/\",\"url\":\"https:\\\/\\\/radex.app\\\/es\\\/terminos-y-condiciones\\\/\",\"name\":\"Terminos y Condiciones - Radex\",\"isPartOf\":{\"@id\":\"https:\\\/\\\/radex.app\\\/es\\\/#website\"},\"datePublished\":\"2025-03-18T17:55:30+00:00\",\"dateModified\":\"2025-04-03T06:03:18+00:00\",\"breadcrumb\":{\"@id\":\"https:\\\/\\\/radex.app\\\/es\\\/terminos-y-condiciones\\\/#breadcrumb\"},\"inLanguage\":\"es\",\"potentialAction\":[{\"@type\":\"ReadAction\",\"target\":[\"https:\\\/\\\/radex.app\\\/es\\\/terminos-y-condiciones\\\/\"]}]},{\"@type\":\"BreadcrumbList\",\"@id\":\"https:\\\/\\\/radex.app\\\/es\\\/terminos-y-condiciones\\\/#breadcrumb\",\"itemListElement\":[{\"@type\":\"ListItem\",\"position\":1,\"name\":\"Portada\",\"item\":\"https:\\\/\\\/radex.app\\\/es\\\/\"},{\"@type\":\"ListItem\",\"position\":2,\"name\":\"Terminos y Condiciones\"}]},{\"@type\":\"WebSite\",\"@id\":\"https:\\\/\\\/radex.app\\\/es\\\/#website\",\"url\":\"https:\\\/\\\/radex.app\\\/es\\\/\",\"name\":\"Radex\",\"description\":\"Radex Detector 5G EMF  - es una aplicaci\u00f3n m\u00f3vil que detecta la radiaci\u00f3n EMF en el dispositivo y en el entorno, el software est\u00e1 calibrado con equipos profesionales.\",\"publisher\":{\"@id\":\"https:\\\/\\\/radex.app\\\/es\\\/#organization\"},\"alternateName\":\"Radex Detector 5G EMF\",\"potentialAction\":[{\"@type\":\"SearchAction\",\"target\":{\"@type\":\"EntryPoint\",\"urlTemplate\":\"https:\\\/\\\/radex.app\\\/es\\\/?s={search_term_string}\"},\"query-input\":{\"@type\":\"PropertyValueSpecification\",\"valueRequired\":true,\"valueName\":\"search_term_string\"}}],\"inLanguage\":\"es\"},{\"@type\":\"Organization\",\"@id\":\"https:\\\/\\\/radex.app\\\/es\\\/#organization\",\"name\":\"Radex\",\"url\":\"https:\\\/\\\/radex.app\\\/es\\\/\",\"logo\":{\"@type\":\"ImageObject\",\"inLanguage\":\"es\",\"@id\":\"https:\\\/\\\/radex.app\\\/es\\\/#\\\/schema\\\/logo\\\/image\\\/\",\"url\":\"https:\\\/\\\/radex.app\\\/es\\\/wp-content\\\/uploads\\\/2025\\\/03\\\/RadexTheLogoWebsite.png\",\"contentUrl\":\"https:\\\/\\\/radex.app\\\/es\\\/wp-content\\\/uploads\\\/2025\\\/03\\\/RadexTheLogoWebsite.png\",\"width\":200,\"height\":63,\"caption\":\"Radex\"},\"image\":{\"@id\":\"https:\\\/\\\/radex.app\\\/es\\\/#\\\/schema\\\/logo\\\/image\\\/\"},\"sameAs\":[\"https:\\\/\\\/www.facebook.com\\\/people\\\/Radex\\\/61560575167696\",\"https:\\\/\\\/x.com\\\/RadexApp\",\"https:\\\/\\\/www.linkedin.com\\\/company\\\/radex-app\",\"https:\\\/\\\/t.me\\\/+ZXePKeKovCAwMTAx\"]}]}<\/script>\n<!-- \/ Yoast SEO plugin. -->","yoast_head_json":{"title":"Terminos y Condiciones - Radex","robots":{"index":"index","follow":"follow","max-snippet":"max-snippet:-1","max-image-preview":"max-image-preview:large","max-video-preview":"max-video-preview:-1"},"canonical":"https:\/\/radex.app\/es\/terminos-y-condiciones\/","og_locale":"es_ES","og_type":"article","og_title":"Terminos y Condiciones - Radex","og_description":"Fecha de entrada en vigor: 2 de abril de 2025 Al acceder al sitio web y a las aplicaciones m\u00f3viles de Radex App, acepta los siguientes t\u00e9rminos. Si no los acepta, no podr\u00e1 usar el sitio ni las aplicaciones.NETM S A S, (que opera como \u201cRadex App\u201d, que opera como \u201cRadex 5G EMF Detector\u201d, que [&hellip;]","og_url":"https:\/\/radex.app\/es\/terminos-y-condiciones\/","og_site_name":"Radex","article_publisher":"https:\/\/www.facebook.com\/people\/Radex\/61560575167696","article_modified_time":"2025-04-03T06:03:18+00:00","twitter_card":"summary_large_image","twitter_site":"@RadexApp","twitter_misc":{"Tiempo de lectura":"6 minutos"},"schema":{"@context":"https:\/\/schema.org","@graph":[{"@type":"WebPage","@id":"https:\/\/radex.app\/es\/terminos-y-condiciones\/","url":"https:\/\/radex.app\/es\/terminos-y-condiciones\/","name":"Terminos y Condiciones - Radex","isPartOf":{"@id":"https:\/\/radex.app\/es\/#website"},"datePublished":"2025-03-18T17:55:30+00:00","dateModified":"2025-04-03T06:03:18+00:00","breadcrumb":{"@id":"https:\/\/radex.app\/es\/terminos-y-condiciones\/#breadcrumb"},"inLanguage":"es","potentialAction":[{"@type":"ReadAction","target":["https:\/\/radex.app\/es\/terminos-y-condiciones\/"]}]},{"@type":"BreadcrumbList","@id":"https:\/\/radex.app\/es\/terminos-y-condiciones\/#breadcrumb","itemListElement":[{"@type":"ListItem","position":1,"name":"Portada","item":"https:\/\/radex.app\/es\/"},{"@type":"ListItem","position":2,"name":"Terminos y Condiciones"}]},{"@type":"WebSite","@id":"https:\/\/radex.app\/es\/#website","url":"https:\/\/radex.app\/es\/","name":"Radex","description":"Radex Detector 5G EMF  - es una aplicaci\u00f3n m\u00f3vil que detecta la radiaci\u00f3n EMF en el dispositivo y en el entorno, el software est\u00e1 calibrado con equipos profesionales.","publisher":{"@id":"https:\/\/radex.app\/es\/#organization"},"alternateName":"Radex Detector 5G EMF","potentialAction":[{"@type":"SearchAction","target":{"@type":"EntryPoint","urlTemplate":"https:\/\/radex.app\/es\/?s={search_term_string}"},"query-input":{"@type":"PropertyValueSpecification","valueRequired":true,"valueName":"search_term_string"}}],"inLanguage":"es"},{"@type":"Organization","@id":"https:\/\/radex.app\/es\/#organization","name":"Radex","url":"https:\/\/radex.app\/es\/","logo":{"@type":"ImageObject","inLanguage":"es","@id":"https:\/\/radex.app\/es\/#\/schema\/logo\/image\/","url":"https:\/\/radex.app\/es\/wp-content\/uploads\/2025\/03\/RadexTheLogoWebsite.png","contentUrl":"https:\/\/radex.app\/es\/wp-content\/uploads\/2025\/03\/RadexTheLogoWebsite.png","width":200,"height":63,"caption":"Radex"},"image":{"@id":"https:\/\/radex.app\/es\/#\/schema\/logo\/image\/"},"sameAs":["https:\/\/www.facebook.com\/people\/Radex\/61560575167696","https:\/\/x.com\/RadexApp","https:\/\/www.linkedin.com\/company\/radex-app","https:\/\/t.me\/+ZXePKeKovCAwMTAx"]}]}},"_links":{"self":[{"href":"https:\/\/radex.app\/es\/wp-json\/wp\/v2\/pages\/1426","targetHints":{"allow":["GET"]}}],"collection":[{"href":"https:\/\/radex.app\/es\/wp-json\/wp\/v2\/pages"}],"about":[{"href":"https:\/\/radex.app\/es\/wp-json\/wp\/v2\/types\/page"}],"author":[{"embeddable":true,"href":"https:\/\/radex.app\/es\/wp-json\/wp\/v2\/users\/1"}],"replies":[{"embeddable":true,"href":"https:\/\/radex.app\/es\/wp-json\/wp\/v2\/comments?post=1426"}],"version-history":[{"count":4,"href":"https:\/\/radex.app\/es\/wp-json\/wp\/v2\/pages\/1426\/revisions"}],"predecessor-version":[{"id":1490,"href":"https:\/\/radex.app\/es\/wp-json\/wp\/v2\/pages\/1426\/revisions\/1490"}],"wp:attachment":[{"href":"https:\/\/radex.app\/es\/wp-json\/wp\/v2\/media?parent=1426"}],"curies":[{"name":"wp","href":"https:\/\/api.w.org\/{rel}","templated":true}]}}