{"id":452,"date":"2025-03-18T15:33:22","date_gmt":"2025-03-18T14:33:22","guid":{"rendered":"https:\/\/radex.app\/es\/about\/"},"modified":"2025-04-19T04:12:11","modified_gmt":"2025-04-19T02:12:11","slug":"acerca","status":"publish","type":"page","link":"https:\/\/radex.app\/es\/acerca\/","title":{"rendered":"Acerca"},"content":{"rendered":"\t\t<div data-elementor-type=\"wp-page\" data-elementor-id=\"452\" class=\"elementor elementor-452\">\n\t\t\t\t<div class=\"elementor-element elementor-element-df82b27 e-flex e-con-boxed e-con e-parent\" data-id=\"df82b27\" data-element_type=\"container\" data-e-type=\"container\" data-settings=\"{&quot;background_background&quot;:&quot;classic&quot;}\">\n\t\t\t\t\t<div class=\"e-con-inner\">\n\t\t<div class=\"elementor-element elementor-element-9e9f24c e-flex e-con-boxed e-con e-child\" data-id=\"9e9f24c\" data-element_type=\"container\" data-e-type=\"container\">\n\t\t\t\t\t<div class=\"e-con-inner\">\n\t\t<div class=\"elementor-element elementor-element-9f72f1b e-flex e-con-boxed e-con e-child\" data-id=\"9f72f1b\" data-element_type=\"container\" data-e-type=\"container\">\n\t\t\t\t\t<div class=\"e-con-inner\">\n\t\t<div class=\"elementor-element elementor-element-9503712 e-flex e-con-boxed e-con e-child\" data-id=\"9503712\" data-element_type=\"container\" data-e-type=\"container\">\n\t\t\t\t\t<div class=\"e-con-inner\">\n\t\t\t\t<div class=\"elementor-element elementor-element-5c086aa elementor-widget elementor-widget-heading\" data-id=\"5c086aa\" data-element_type=\"widget\" data-e-type=\"widget\" data-widget_type=\"heading.default\">\n\t\t\t\t<div class=\"elementor-widget-container\">\n\t\t\t\t\t<h6 class=\"elementor-heading-title elementor-size-default\">ACERCA DE<\/h6>\t\t\t\t<\/div>\n\t\t\t\t<\/div>\n\t\t\t\t<div class=\"elementor-element elementor-element-ce48bc0 elementor-widget elementor-widget-heading\" data-id=\"ce48bc0\" data-element_type=\"widget\" data-e-type=\"widget\" data-widget_type=\"heading.default\">\n\t\t\t\t<div class=\"elementor-widget-container\">\n\t\t\t\t\t<h1 class=\"elementor-heading-title elementor-size-default\">Somos Radex<\/h1>\t\t\t\t<\/div>\n\t\t\t\t<\/div>\n\t\t\t\t\t<\/div>\n\t\t\t\t<\/div>\n\t\t\t\t\t<\/div>\n\t\t\t\t<\/div>\n\t\t<div class=\"elementor-element elementor-element-a1fa886 e-con-full e-flex e-con e-child\" data-id=\"a1fa886\" data-element_type=\"container\" data-e-type=\"container\">\n\t\t<div class=\"elementor-element elementor-element-53ff607 e-con-full e-flex e-con e-child\" data-id=\"53ff607\" data-element_type=\"container\" data-e-type=\"container\">\n\t\t\t\t<div class=\"elementor-element elementor-element-51338b4 elementor-widget elementor-widget-image\" data-id=\"51338b4\" data-element_type=\"widget\" data-e-type=\"widget\" data-widget_type=\"image.default\">\n\t\t\t\t<div class=\"elementor-widget-container\">\n\t\t\t\t\t\t\t\t\t\t\t\t\t\t\t<img fetchpriority=\"high\" decoding=\"async\" width=\"600\" height=\"600\" src=\"https:\/\/radex.app\/es\/wp-content\/uploads\/2025\/03\/5gtower.png\" class=\"attachment-full size-full wp-image-1465\" alt=\"\" srcset=\"https:\/\/radex.app\/es\/wp-content\/uploads\/2025\/03\/5gtower.png 600w, https:\/\/radex.app\/es\/wp-content\/uploads\/2025\/03\/5gtower-300x300.png 300w, https:\/\/radex.app\/es\/wp-content\/uploads\/2025\/03\/5gtower-150x150.png 150w\" sizes=\"(max-width: 600px) 100vw, 600px\" \/>\t\t\t\t\t\t\t\t\t\t\t\t\t\t\t<\/div>\n\t\t\t\t<\/div>\n\t\t\t\t<\/div>\n\t\t<div class=\"elementor-element elementor-element-defab1b e-con-full e-flex e-con e-child\" data-id=\"defab1b\" data-element_type=\"container\" data-e-type=\"container\">\n\t\t\t\t<div class=\"elementor-element elementor-element-7f53e1e elementor-widget elementor-widget-heading\" data-id=\"7f53e1e\" data-element_type=\"widget\" data-e-type=\"widget\" data-widget_type=\"heading.default\">\n\t\t\t\t<div class=\"elementor-widget-container\">\n\t\t\t\t\t<h3 class=\"elementor-heading-title elementor-size-default\">Cambiando el mundo midiendo la radiaci\u00f3n 5G EMF, una torre celular a la vez<\/h3>\t\t\t\t<\/div>\n\t\t\t\t<\/div>\n\t\t\t\t<div class=\"elementor-element elementor-element-2b501f1 elementor-widget elementor-widget-text-editor\" data-id=\"2b501f1\" data-element_type=\"widget\" data-e-type=\"widget\" data-widget_type=\"text-editor.default\">\n\t\t\t\t<div class=\"elementor-widget-container\">\n\t\t\t\t\t\t\t\t\t<p>Somos Radex, una iniciativa decidida a democratizar el acceso a la detecci\u00f3n de radiaci\u00f3n 5G EMF para todas las personas, de una manera f\u00e1cil de usar, f\u00e1cil de entender, accesible y econ\u00f3mica. Siempre hay una nueva forma de hacer las cosas. Radex es el resultado de la investigaci\u00f3n cient\u00edfica y la experimentaci\u00f3n en diferentes escenarios.<\/p>\t\t\t\t\t\t\t\t<\/div>\n\t\t\t\t<\/div>\n\t\t\t\t<\/div>\n\t\t\t\t<\/div>\n\t\t\t\t\t<\/div>\n\t\t\t\t<\/div>\n\t\t\t\t\t<\/div>\n\t\t\t\t<\/div>\n\t\t<div class=\"elementor-element elementor-element-dd3f5e7 e-flex e-con-boxed e-con e-parent\" data-id=\"dd3f5e7\" data-element_type=\"container\" data-e-type=\"container\" data-settings=\"{&quot;background_background&quot;:&quot;classic&quot;}\">\n\t\t\t\t\t<div class=\"e-con-inner\">\n\t\t<div class=\"elementor-element elementor-element-e7265b3 e-con-full e-flex e-con e-child\" data-id=\"e7265b3\" data-element_type=\"container\" data-e-type=\"container\">\n\t\t\t\t<div class=\"elementor-element elementor-element-932c535 elementor-widget elementor-widget-heading\" data-id=\"932c535\" data-element_type=\"widget\" data-e-type=\"widget\" data-widget_type=\"heading.default\">\n\t\t\t\t<div class=\"elementor-widget-container\">\n\t\t\t\t\t<h1 class=\"elementor-heading-title elementor-size-default\">M\u00e1s que un simple detector de campos electromagn\u00e9ticos 5G<\/h1>\t\t\t\t<\/div>\n\t\t\t\t<\/div>\n\t\t\t\t<div class=\"elementor-element elementor-element-b763fb8 elementor-widget elementor-widget-heading\" data-id=\"b763fb8\" data-element_type=\"widget\" data-e-type=\"widget\" data-widget_type=\"heading.default\">\n\t\t\t\t<div class=\"elementor-widget-container\">\n\t\t\t\t\t<p class=\"elementor-heading-title elementor-size-default\">Un estilo de vida con prevenci\u00f3n y seguridad<\/p>\t\t\t\t<\/div>\n\t\t\t\t<\/div>\n\t\t\t\t<div class=\"elementor-element elementor-element-526cb0e elementor-align-center elementor-widget elementor-widget-button\" data-id=\"526cb0e\" data-element_type=\"widget\" data-e-type=\"widget\" data-widget_type=\"button.default\">\n\t\t\t\t<div class=\"elementor-widget-container\">\n\t\t\t\t\t\t\t\t\t<div class=\"elementor-button-wrapper\">\n\t\t\t\t\t<a class=\"elementor-button elementor-button-link elementor-size-sm\" href=\"https:\/\/apps.apple.com\/app\/id6738017621\">\n\t\t\t\t\t\t<span class=\"elementor-button-content-wrapper\">\n\t\t\t\t\t\t\t\t\t<span class=\"elementor-button-text\">Descargar<\/span>\n\t\t\t\t\t<\/span>\n\t\t\t\t\t<\/a>\n\t\t\t\t<\/div>\n\t\t\t\t\t\t\t\t<\/div>\n\t\t\t\t<\/div>\n\t\t\t\t<\/div>\n\t\t\t\t\t<\/div>\n\t\t\t\t<\/div>\n\t\t\t\t<\/div>\n\t\t","protected":false},"excerpt":{"rendered":"<p>ACERCA DE Somos Radex Cambiando el mundo midiendo la radiaci\u00f3n 5G EMF, una torre celular a la vez Somos Radex, una iniciativa decidida a democratizar el acceso a la detecci\u00f3n de radiaci\u00f3n 5G EMF para todas las personas, de una manera f\u00e1cil de usar, f\u00e1cil de entender, accesible y econ\u00f3mica. Siempre hay una nueva forma [&hellip;]<\/p>\n","protected":false},"author":1,"featured_media":0,"parent":0,"menu_order":0,"comment_status":"closed","ping_status":"closed","template":"","meta":{"site-sidebar-layout":"no-sidebar","site-content-layout":"page-builder","ast-site-content-layout":"full-width-container","site-content-style":"unboxed","site-sidebar-style":"unboxed","ast-global-header-display":"","ast-banner-title-visibility":"","ast-main-header-display":"","ast-hfb-above-header-display":"","ast-hfb-below-header-display":"","ast-hfb-mobile-header-display":"","site-post-title":"disabled","ast-breadcrumbs-content":"","ast-featured-img":"disabled","footer-sml-layout":"","ast-disable-related-posts":"","theme-transparent-header-meta":"enabled","adv-header-id-meta":"","stick-header-meta":"","header-above-stick-meta":"","header-main-stick-meta":"","header-below-stick-meta":"","astra-migrate-meta-layouts":"set","ast-page-background-enabled":"default","ast-page-background-meta":{"desktop":{"background-color":"var(--ast-global-color-4)","background-image":"","background-repeat":"repeat","background-position":"center center","background-size":"auto","background-attachment":"scroll","background-type":"","background-media":"","overlay-type":"","overlay-color":"","overlay-opacity":"","overlay-gradient":""},"tablet":{"background-color":"","background-image":"","background-repeat":"repeat","background-position":"center center","background-size":"auto","background-attachment":"scroll","background-type":"","background-media":"","overlay-type":"","overlay-color":"","overlay-opacity":"","overlay-gradient":""},"mobile":{"background-color":"","background-image":"","background-repeat":"repeat","background-position":"center center","background-size":"auto","background-attachment":"scroll","background-type":"","background-media":"","overlay-type":"","overlay-color":"","overlay-opacity":"","overlay-gradient":""}},"ast-content-background-meta":{"desktop":{"background-color":"var(--ast-global-color-5)","background-image":"","background-repeat":"repeat","background-position":"center center","background-size":"auto","background-attachment":"scroll","background-type":"","background-media":"","overlay-type":"","overlay-color":"","overlay-opacity":"","overlay-gradient":""},"tablet":{"background-color":"var(--ast-global-color-5)","background-image":"","background-repeat":"repeat","background-position":"center center","background-size":"auto","background-attachment":"scroll","background-type":"","background-media":"","overlay-type":"","overlay-color":"","overlay-opacity":"","overlay-gradient":""},"mobile":{"background-color":"var(--ast-global-color-5)","background-image":"","background-repeat":"repeat","background-position":"center center","background-size":"auto","background-attachment":"scroll","background-type":"","background-media":"","overlay-type":"","overlay-color":"","overlay-opacity":"","overlay-gradient":""}},"footnotes":""},"class_list":["post-452","page","type-page","status-publish","hentry"],"yoast_head":"<!-- This site is optimized with the Yoast SEO plugin v27.4 - https:\/\/yoast.com\/product\/yoast-seo-wordpress\/ -->\n<title>Acerca - Radex<\/title>\n<meta name=\"robots\" content=\"index, follow, max-snippet:-1, max-image-preview:large, max-video-preview:-1\" \/>\n<link rel=\"canonical\" href=\"https:\/\/radex.app\/es\/acerca\/\" \/>\n<meta property=\"og:locale\" content=\"es_ES\" \/>\n<meta property=\"og:type\" content=\"article\" \/>\n<meta property=\"og:title\" content=\"Acerca - Radex\" \/>\n<meta property=\"og:description\" content=\"ACERCA DE Somos Radex Cambiando el mundo midiendo la radiaci\u00f3n 5G EMF, una torre celular a la vez Somos Radex, una iniciativa decidida a democratizar el acceso a la detecci\u00f3n de radiaci\u00f3n 5G EMF para todas las personas, de una manera f\u00e1cil de usar, f\u00e1cil de entender, accesible y econ\u00f3mica. Siempre hay una nueva forma [&hellip;]\" \/>\n<meta property=\"og:url\" content=\"https:\/\/radex.app\/es\/acerca\/\" \/>\n<meta property=\"og:site_name\" content=\"Radex\" \/>\n<meta property=\"article:publisher\" content=\"https:\/\/www.facebook.com\/people\/Radex\/61560575167696\" \/>\n<meta property=\"article:modified_time\" content=\"2025-04-19T02:12:11+00:00\" \/>\n<meta property=\"og:image\" content=\"https:\/\/radex.app\/es\/wp-content\/uploads\/2025\/03\/5gtower.png\" \/>\n<meta name=\"twitter:card\" content=\"summary_large_image\" \/>\n<meta name=\"twitter:site\" content=\"@RadexApp\" \/>\n<meta name=\"twitter:label1\" content=\"Tiempo de lectura\" \/>\n\t<meta name=\"twitter:data1\" content=\"1 minuto\" \/>\n<script type=\"application\/ld+json\" class=\"yoast-schema-graph\">{\"@context\":\"https:\\\/\\\/schema.org\",\"@graph\":[{\"@type\":\"WebPage\",\"@id\":\"https:\\\/\\\/radex.app\\\/es\\\/acerca\\\/\",\"url\":\"https:\\\/\\\/radex.app\\\/es\\\/acerca\\\/\",\"name\":\"Acerca - Radex\",\"isPartOf\":{\"@id\":\"https:\\\/\\\/radex.app\\\/es\\\/#website\"},\"primaryImageOfPage\":{\"@id\":\"https:\\\/\\\/radex.app\\\/es\\\/acerca\\\/#primaryimage\"},\"image\":{\"@id\":\"https:\\\/\\\/radex.app\\\/es\\\/acerca\\\/#primaryimage\"},\"thumbnailUrl\":\"https:\\\/\\\/radex.app\\\/es\\\/wp-content\\\/uploads\\\/2025\\\/03\\\/5gtower.png\",\"datePublished\":\"2025-03-18T14:33:22+00:00\",\"dateModified\":\"2025-04-19T02:12:11+00:00\",\"breadcrumb\":{\"@id\":\"https:\\\/\\\/radex.app\\\/es\\\/acerca\\\/#breadcrumb\"},\"inLanguage\":\"es\",\"potentialAction\":[{\"@type\":\"ReadAction\",\"target\":[\"https:\\\/\\\/radex.app\\\/es\\\/acerca\\\/\"]}]},{\"@type\":\"ImageObject\",\"inLanguage\":\"es\",\"@id\":\"https:\\\/\\\/radex.app\\\/es\\\/acerca\\\/#primaryimage\",\"url\":\"https:\\\/\\\/radex.app\\\/es\\\/wp-content\\\/uploads\\\/2025\\\/03\\\/5gtower.png\",\"contentUrl\":\"https:\\\/\\\/radex.app\\\/es\\\/wp-content\\\/uploads\\\/2025\\\/03\\\/5gtower.png\",\"width\":600,\"height\":600},{\"@type\":\"BreadcrumbList\",\"@id\":\"https:\\\/\\\/radex.app\\\/es\\\/acerca\\\/#breadcrumb\",\"itemListElement\":[{\"@type\":\"ListItem\",\"position\":1,\"name\":\"Portada\",\"item\":\"https:\\\/\\\/radex.app\\\/es\\\/\"},{\"@type\":\"ListItem\",\"position\":2,\"name\":\"Acerca\"}]},{\"@type\":\"WebSite\",\"@id\":\"https:\\\/\\\/radex.app\\\/es\\\/#website\",\"url\":\"https:\\\/\\\/radex.app\\\/es\\\/\",\"name\":\"Radex\",\"description\":\"Radex Detector 5G EMF  - es una aplicaci\u00f3n m\u00f3vil que detecta la radiaci\u00f3n EMF en el dispositivo y en el entorno, el software est\u00e1 calibrado con equipos profesionales.\",\"publisher\":{\"@id\":\"https:\\\/\\\/radex.app\\\/es\\\/#organization\"},\"alternateName\":\"Radex Detector 5G EMF\",\"potentialAction\":[{\"@type\":\"SearchAction\",\"target\":{\"@type\":\"EntryPoint\",\"urlTemplate\":\"https:\\\/\\\/radex.app\\\/es\\\/?s={search_term_string}\"},\"query-input\":{\"@type\":\"PropertyValueSpecification\",\"valueRequired\":true,\"valueName\":\"search_term_string\"}}],\"inLanguage\":\"es\"},{\"@type\":\"Organization\",\"@id\":\"https:\\\/\\\/radex.app\\\/es\\\/#organization\",\"name\":\"Radex\",\"url\":\"https:\\\/\\\/radex.app\\\/es\\\/\",\"logo\":{\"@type\":\"ImageObject\",\"inLanguage\":\"es\",\"@id\":\"https:\\\/\\\/radex.app\\\/es\\\/#\\\/schema\\\/logo\\\/image\\\/\",\"url\":\"https:\\\/\\\/radex.app\\\/es\\\/wp-content\\\/uploads\\\/2025\\\/03\\\/RadexTheLogoWebsite.png\",\"contentUrl\":\"https:\\\/\\\/radex.app\\\/es\\\/wp-content\\\/uploads\\\/2025\\\/03\\\/RadexTheLogoWebsite.png\",\"width\":200,\"height\":63,\"caption\":\"Radex\"},\"image\":{\"@id\":\"https:\\\/\\\/radex.app\\\/es\\\/#\\\/schema\\\/logo\\\/image\\\/\"},\"sameAs\":[\"https:\\\/\\\/www.facebook.com\\\/people\\\/Radex\\\/61560575167696\",\"https:\\\/\\\/x.com\\\/RadexApp\",\"https:\\\/\\\/www.linkedin.com\\\/company\\\/radex-app\",\"https:\\\/\\\/t.me\\\/+ZXePKeKovCAwMTAx\"]}]}<\/script>\n<!-- \/ Yoast SEO plugin. -->","yoast_head_json":{"title":"Acerca - Radex","robots":{"index":"index","follow":"follow","max-snippet":"max-snippet:-1","max-image-preview":"max-image-preview:large","max-video-preview":"max-video-preview:-1"},"canonical":"https:\/\/radex.app\/es\/acerca\/","og_locale":"es_ES","og_type":"article","og_title":"Acerca - Radex","og_description":"ACERCA DE Somos Radex Cambiando el mundo midiendo la radiaci\u00f3n 5G EMF, una torre celular a la vez Somos Radex, una iniciativa decidida a democratizar el acceso a la detecci\u00f3n de radiaci\u00f3n 5G EMF para todas las personas, de una manera f\u00e1cil de usar, f\u00e1cil de entender, accesible y econ\u00f3mica. Siempre hay una nueva forma [&hellip;]","og_url":"https:\/\/radex.app\/es\/acerca\/","og_site_name":"Radex","article_publisher":"https:\/\/www.facebook.com\/people\/Radex\/61560575167696","article_modified_time":"2025-04-19T02:12:11+00:00","og_image":[{"url":"https:\/\/radex.app\/es\/wp-content\/uploads\/2025\/03\/5gtower.png","type":"","width":"","height":""}],"twitter_card":"summary_large_image","twitter_site":"@RadexApp","twitter_misc":{"Tiempo de lectura":"1 minuto"},"schema":{"@context":"https:\/\/schema.org","@graph":[{"@type":"WebPage","@id":"https:\/\/radex.app\/es\/acerca\/","url":"https:\/\/radex.app\/es\/acerca\/","name":"Acerca - Radex","isPartOf":{"@id":"https:\/\/radex.app\/es\/#website"},"primaryImageOfPage":{"@id":"https:\/\/radex.app\/es\/acerca\/#primaryimage"},"image":{"@id":"https:\/\/radex.app\/es\/acerca\/#primaryimage"},"thumbnailUrl":"https:\/\/radex.app\/es\/wp-content\/uploads\/2025\/03\/5gtower.png","datePublished":"2025-03-18T14:33:22+00:00","dateModified":"2025-04-19T02:12:11+00:00","breadcrumb":{"@id":"https:\/\/radex.app\/es\/acerca\/#breadcrumb"},"inLanguage":"es","potentialAction":[{"@type":"ReadAction","target":["https:\/\/radex.app\/es\/acerca\/"]}]},{"@type":"ImageObject","inLanguage":"es","@id":"https:\/\/radex.app\/es\/acerca\/#primaryimage","url":"https:\/\/radex.app\/es\/wp-content\/uploads\/2025\/03\/5gtower.png","contentUrl":"https:\/\/radex.app\/es\/wp-content\/uploads\/2025\/03\/5gtower.png","width":600,"height":600},{"@type":"BreadcrumbList","@id":"https:\/\/radex.app\/es\/acerca\/#breadcrumb","itemListElement":[{"@type":"ListItem","position":1,"name":"Portada","item":"https:\/\/radex.app\/es\/"},{"@type":"ListItem","position":2,"name":"Acerca"}]},{"@type":"WebSite","@id":"https:\/\/radex.app\/es\/#website","url":"https:\/\/radex.app\/es\/","name":"Radex","description":"Radex Detector 5G EMF  - es una aplicaci\u00f3n m\u00f3vil que detecta la radiaci\u00f3n EMF en el dispositivo y en el entorno, el software est\u00e1 calibrado con equipos profesionales.","publisher":{"@id":"https:\/\/radex.app\/es\/#organization"},"alternateName":"Radex Detector 5G EMF","potentialAction":[{"@type":"SearchAction","target":{"@type":"EntryPoint","urlTemplate":"https:\/\/radex.app\/es\/?s={search_term_string}"},"query-input":{"@type":"PropertyValueSpecification","valueRequired":true,"valueName":"search_term_string"}}],"inLanguage":"es"},{"@type":"Organization","@id":"https:\/\/radex.app\/es\/#organization","name":"Radex","url":"https:\/\/radex.app\/es\/","logo":{"@type":"ImageObject","inLanguage":"es","@id":"https:\/\/radex.app\/es\/#\/schema\/logo\/image\/","url":"https:\/\/radex.app\/es\/wp-content\/uploads\/2025\/03\/RadexTheLogoWebsite.png","contentUrl":"https:\/\/radex.app\/es\/wp-content\/uploads\/2025\/03\/RadexTheLogoWebsite.png","width":200,"height":63,"caption":"Radex"},"image":{"@id":"https:\/\/radex.app\/es\/#\/schema\/logo\/image\/"},"sameAs":["https:\/\/www.facebook.com\/people\/Radex\/61560575167696","https:\/\/x.com\/RadexApp","https:\/\/www.linkedin.com\/company\/radex-app","https:\/\/t.me\/+ZXePKeKovCAwMTAx"]}]}},"_links":{"self":[{"href":"https:\/\/radex.app\/es\/wp-json\/wp\/v2\/pages\/452","targetHints":{"allow":["GET"]}}],"collection":[{"href":"https:\/\/radex.app\/es\/wp-json\/wp\/v2\/pages"}],"about":[{"href":"https:\/\/radex.app\/es\/wp-json\/wp\/v2\/types\/page"}],"author":[{"embeddable":true,"href":"https:\/\/radex.app\/es\/wp-json\/wp\/v2\/users\/1"}],"replies":[{"embeddable":true,"href":"https:\/\/radex.app\/es\/wp-json\/wp\/v2\/comments?post=452"}],"version-history":[{"count":9,"href":"https:\/\/radex.app\/es\/wp-json\/wp\/v2\/pages\/452\/revisions"}],"predecessor-version":[{"id":1468,"href":"https:\/\/radex.app\/es\/wp-json\/wp\/v2\/pages\/452\/revisions\/1468"}],"wp:attachment":[{"href":"https:\/\/radex.app\/es\/wp-json\/wp\/v2\/media?parent=452"}],"curies":[{"name":"wp","href":"https:\/\/api.w.org\/{rel}","templated":true}]}}