{"id":938,"date":"2025-03-18T15:33:22","date_gmt":"2025-03-18T14:33:22","guid":{"rendered":"https:\/\/radex.app\/es\/admission\/"},"modified":"2025-04-19T04:14:22","modified_gmt":"2025-04-19T02:14:22","slug":"caracteristicas","status":"publish","type":"page","link":"https:\/\/radex.app\/es\/caracteristicas\/","title":{"rendered":"Caracteristicas"},"content":{"rendered":"\t\t<div data-elementor-type=\"wp-page\" data-elementor-id=\"938\" class=\"elementor elementor-938\">\n\t\t\t\t<div class=\"elementor-element elementor-element-0033e46 e-flex e-con-boxed e-con e-parent\" data-id=\"0033e46\" data-element_type=\"container\" data-e-type=\"container\" data-settings=\"{&quot;background_background&quot;:&quot;classic&quot;}\">\n\t\t\t\t\t<div class=\"e-con-inner\">\n\t\t<div class=\"elementor-element elementor-element-4a23daa e-con-full e-flex e-con e-child\" data-id=\"4a23daa\" data-element_type=\"container\" data-e-type=\"container\">\n\t\t<div class=\"elementor-element elementor-element-4536081 e-con-full e-flex e-con e-child\" data-id=\"4536081\" data-element_type=\"container\" data-e-type=\"container\">\n\t\t<div class=\"elementor-element elementor-element-3ccb566 e-con-full e-flex e-con e-child\" data-id=\"3ccb566\" data-element_type=\"container\" data-e-type=\"container\">\n\t\t\t\t<div class=\"elementor-element elementor-element-17e97ad elementor-widget elementor-widget-heading\" data-id=\"17e97ad\" data-element_type=\"widget\" data-e-type=\"widget\" data-widget_type=\"heading.default\">\n\t\t\t\t<div class=\"elementor-widget-container\">\n\t\t\t\t\t<h6 class=\"elementor-heading-title elementor-size-default\">CARACTER\u00cdSTICAS<\/h6>\t\t\t\t<\/div>\n\t\t\t\t<\/div>\n\t\t\t\t<div class=\"elementor-element elementor-element-71ac86b elementor-widget elementor-widget-heading\" data-id=\"71ac86b\" data-element_type=\"widget\" data-e-type=\"widget\" data-widget_type=\"heading.default\">\n\t\t\t\t<div class=\"elementor-widget-container\">\n\t\t\t\t\t<h1 class=\"elementor-heading-title elementor-size-default\">Todas las opciones de detecci\u00f3n en una <br> sola aplicaci\u00f3n<\/h1>\t\t\t\t<\/div>\n\t\t\t\t<\/div>\n\t\t\t\t<div class=\"elementor-element elementor-element-b6ea6da elementor-widget elementor-widget-text-editor\" data-id=\"b6ea6da\" data-element_type=\"widget\" data-e-type=\"widget\" data-widget_type=\"text-editor.default\">\n\t\t\t\t<div class=\"elementor-widget-container\">\n\t\t\t\t\t\t\t\t\t<p>Detecci\u00f3n de radiaci\u00f3n 5G EMF en el dispositivo y en el entorno. Espectro LTE, Wi-Fi y Bluetooth calibrado con equipos profesionales.<\/p>\t\t\t\t\t\t\t\t<\/div>\n\t\t\t\t<\/div>\n\t\t\t\t<\/div>\n\t\t\t\t<\/div>\n\t\t\t\t<div class=\"elementor-element elementor-element-03fdb11 elementor-widget elementor-widget-heading\" data-id=\"03fdb11\" data-element_type=\"widget\" data-e-type=\"widget\" data-widget_type=\"heading.default\">\n\t\t\t\t<div class=\"elementor-widget-container\">\n\t\t\t\t\t<h6 class=\"elementor-heading-title elementor-size-default\">EL PROCESO <\/h6>\t\t\t\t<\/div>\n\t\t\t\t<\/div>\n\t\t<div class=\"elementor-element elementor-element-eb9e4da e-flex e-con-boxed e-con e-child\" data-id=\"eb9e4da\" data-element_type=\"container\" data-e-type=\"container\">\n\t\t\t\t\t<div class=\"e-con-inner\">\n\t\t<div class=\"elementor-element elementor-element-b293c4b e-con-full e-flex e-con e-child\" data-id=\"b293c4b\" data-element_type=\"container\" data-e-type=\"container\">\n\t\t\t\t<div class=\"elementor-element elementor-element-b89e33c elementor-widget elementor-widget-heading\" data-id=\"b89e33c\" data-element_type=\"widget\" data-e-type=\"widget\" data-widget_type=\"heading.default\">\n\t\t\t\t<div class=\"elementor-widget-container\">\n\t\t\t\t\t<h2 class=\"elementor-heading-title elementor-size-default\">01<\/h2>\t\t\t\t<\/div>\n\t\t\t\t<\/div>\n\t\t\t\t<div class=\"elementor-element elementor-element-e32e79d elementor-widget elementor-widget-icon-box\" data-id=\"e32e79d\" data-element_type=\"widget\" data-e-type=\"widget\" data-widget_type=\"icon-box.default\">\n\t\t\t\t<div class=\"elementor-widget-container\">\n\t\t\t\t\t\t\t<div class=\"elementor-icon-box-wrapper\">\n\n\t\t\t\n\t\t\t\t\t\t<div class=\"elementor-icon-box-content\">\n\n\t\t\t\t\t\t\t\t\t<h5 class=\"elementor-icon-box-title\">\n\t\t\t\t\t\t<span  >\n\t\t\t\t\t\t\tActivar\/desactivar sensores\t\t\t\t\t\t<\/span>\n\t\t\t\t\t<\/h5>\n\t\t\t\t\n\t\t\t\t\t\t\t\t\t<p class=\"elementor-icon-box-description\">\n\t\t\t\t\t\tInicie la detecci\u00f3n utilizando los sensores del dispositivo y el magnet\u00f3metro para medir la precisi\u00f3n.\t\t\t\t\t<\/p>\n\t\t\t\t\n\t\t\t<\/div>\n\t\t\t\n\t\t<\/div>\n\t\t\t\t\t\t<\/div>\n\t\t\t\t<\/div>\n\t\t\t\t<\/div>\n\t\t<div class=\"elementor-element elementor-element-f768095 e-con-full e-flex e-con e-child\" data-id=\"f768095\" data-element_type=\"container\" data-e-type=\"container\">\n\t\t\t\t<div class=\"elementor-element elementor-element-fb7e3bd elementor-widget elementor-widget-heading\" data-id=\"fb7e3bd\" data-element_type=\"widget\" data-e-type=\"widget\" data-widget_type=\"heading.default\">\n\t\t\t\t<div class=\"elementor-widget-container\">\n\t\t\t\t\t<h2 class=\"elementor-heading-title elementor-size-default\">02<\/h2>\t\t\t\t<\/div>\n\t\t\t\t<\/div>\n\t\t\t\t<div class=\"elementor-element elementor-element-59e6b0a elementor-widget elementor-widget-icon-box\" data-id=\"59e6b0a\" data-element_type=\"widget\" data-e-type=\"widget\" data-widget_type=\"icon-box.default\">\n\t\t\t\t<div class=\"elementor-widget-container\">\n\t\t\t\t\t\t\t<div class=\"elementor-icon-box-wrapper\">\n\n\t\t\t\n\t\t\t\t\t\t<div class=\"elementor-icon-box-content\">\n\n\t\t\t\t\t\t\t\t\t<h5 class=\"elementor-icon-box-title\">\n\t\t\t\t\t\t<span  >\n\t\t\t\t\t\t\tOpci\u00f3n de dispositivo\t\t\t\t\t\t<\/span>\n\t\t\t\t\t<\/h5>\n\t\t\t\t\n\t\t\t\t\t\t\t\t\t<p class=\"elementor-icon-box-description\">\n\t\t\t\t\t\tDetecte la radiaci\u00f3n 5G EMF en el dispositivo con diferentes condiciones con sensores de radio como tel\u00e9fono, WI-FI y Bluetooth.\t\t\t\t\t<\/p>\n\t\t\t\t\n\t\t\t<\/div>\n\t\t\t\n\t\t<\/div>\n\t\t\t\t\t\t<\/div>\n\t\t\t\t<\/div>\n\t\t\t\t<\/div>\n\t\t<div class=\"elementor-element elementor-element-e600028 e-con-full e-flex e-con e-child\" data-id=\"e600028\" data-element_type=\"container\" data-e-type=\"container\">\n\t\t\t\t<div class=\"elementor-element elementor-element-38074b0 elementor-widget elementor-widget-heading\" data-id=\"38074b0\" data-element_type=\"widget\" data-e-type=\"widget\" data-widget_type=\"heading.default\">\n\t\t\t\t<div class=\"elementor-widget-container\">\n\t\t\t\t\t<h2 class=\"elementor-heading-title elementor-size-default\">03<\/h2>\t\t\t\t<\/div>\n\t\t\t\t<\/div>\n\t\t\t\t<div class=\"elementor-element elementor-element-67ee937 elementor-widget elementor-widget-icon-box\" data-id=\"67ee937\" data-element_type=\"widget\" data-e-type=\"widget\" data-widget_type=\"icon-box.default\">\n\t\t\t\t<div class=\"elementor-widget-container\">\n\t\t\t\t\t\t\t<div class=\"elementor-icon-box-wrapper\">\n\n\t\t\t\n\t\t\t\t\t\t<div class=\"elementor-icon-box-content\">\n\n\t\t\t\t\t\t\t\t\t<h5 class=\"elementor-icon-box-title\">\n\t\t\t\t\t\t<span  >\n\t\t\t\t\t\t\tOpci\u00f3n de entorno\t\t\t\t\t\t<\/span>\n\t\t\t\t\t<\/h5>\n\t\t\t\t\n\t\t\t\t\t\t\t\t\t<p class=\"elementor-icon-box-description\">\n\t\t\t\t\t\tDetecte la radiaci\u00f3n 5G EMF en el entorno proveniente de torres de telefon\u00eda celular y enrutadores Wi-Fi.\t\t\t\t\t<\/p>\n\t\t\t\t\n\t\t\t<\/div>\n\t\t\t\n\t\t<\/div>\n\t\t\t\t\t\t<\/div>\n\t\t\t\t<\/div>\n\t\t\t\t<\/div>\n\t\t<div class=\"elementor-element elementor-element-0dfe92a e-con-full e-flex e-con e-child\" data-id=\"0dfe92a\" data-element_type=\"container\" data-e-type=\"container\">\n\t\t\t\t<div class=\"elementor-element elementor-element-dbd5416 elementor-widget elementor-widget-heading\" data-id=\"dbd5416\" data-element_type=\"widget\" data-e-type=\"widget\" data-widget_type=\"heading.default\">\n\t\t\t\t<div class=\"elementor-widget-container\">\n\t\t\t\t\t<h2 class=\"elementor-heading-title elementor-size-default\">04<\/h2>\t\t\t\t<\/div>\n\t\t\t\t<\/div>\n\t\t\t\t<div class=\"elementor-element elementor-element-66e3f96 elementor-widget elementor-widget-icon-box\" data-id=\"66e3f96\" data-element_type=\"widget\" data-e-type=\"widget\" data-widget_type=\"icon-box.default\">\n\t\t\t\t<div class=\"elementor-widget-container\">\n\t\t\t\t\t\t\t<div class=\"elementor-icon-box-wrapper\">\n\n\t\t\t\n\t\t\t\t\t\t<div class=\"elementor-icon-box-content\">\n\n\t\t\t\t\t\t\t\t\t<h5 class=\"elementor-icon-box-title\">\n\t\t\t\t\t\t<span  >\n\t\t\t\t\t\t\tInstrucciones\t\t\t\t\t\t<\/span>\n\t\t\t\t\t<\/h5>\n\t\t\t\t\n\t\t\t\t\t\t\t\t\t<p class=\"elementor-icon-box-description\">\n\t\t\t\t\t\tConozca los niveles de exposici\u00f3n y las pautas recomendadas para la radiaci\u00f3n electromagn\u00e9tica de microondas en \u00b5W\/m2.\t\t\t\t\t<\/p>\n\t\t\t\t\n\t\t\t<\/div>\n\t\t\t\n\t\t<\/div>\n\t\t\t\t\t\t<\/div>\n\t\t\t\t<\/div>\n\t\t\t\t<\/div>\n\t\t\t\t\t<\/div>\n\t\t\t\t<\/div>\n\t\t\t\t<\/div>\n\t\t\t\t\t<\/div>\n\t\t\t\t<\/div>\n\t\t<div class=\"elementor-element elementor-element-167a10c e-flex e-con-boxed e-con e-parent\" data-id=\"167a10c\" data-element_type=\"container\" data-e-type=\"container\" data-settings=\"{&quot;background_background&quot;:&quot;classic&quot;}\">\n\t\t\t\t\t<div class=\"e-con-inner\">\n\t\t<div class=\"elementor-element elementor-element-330558e e-con-full e-flex e-con e-child\" data-id=\"330558e\" data-element_type=\"container\" data-e-type=\"container\">\n\t\t<div class=\"elementor-element elementor-element-4ef092d e-flex e-con-boxed e-con e-child\" data-id=\"4ef092d\" data-element_type=\"container\" data-e-type=\"container\">\n\t\t\t\t\t<div class=\"e-con-inner\">\n\t\t<div class=\"elementor-element elementor-element-bf231f8 e-con-full e-flex e-con e-child\" data-id=\"bf231f8\" data-element_type=\"container\" data-e-type=\"container\">\n\t\t\t\t<div class=\"elementor-element elementor-element-dcbd905 elementor-widget elementor-widget-heading\" data-id=\"dcbd905\" data-element_type=\"widget\" data-e-type=\"widget\" data-widget_type=\"heading.default\">\n\t\t\t\t<div class=\"elementor-widget-container\">\n\t\t\t\t\t<h2 class=\"elementor-heading-title elementor-size-default\">Seguridad y cumplimiento en las mediciones<\/h2>\t\t\t\t<\/div>\n\t\t\t\t<\/div>\n\t\t\t\t<div class=\"elementor-element elementor-element-d8bf8b7 elementor-widget elementor-widget-text-editor\" data-id=\"d8bf8b7\" data-element_type=\"widget\" data-e-type=\"widget\" data-widget_type=\"text-editor.default\">\n\t\t\t\t<div class=\"elementor-widget-container\">\n\t\t\t\t\t\t\t\t\t<p>Cada medida est\u00e1 calibrada con las mejores herramientas profesionales disponibles para la detecci\u00f3n de campos electromagn\u00e9ticos 5G. La combinaci\u00f3n del desarrollo de software con los mejores equipos disponibles. La prevenci\u00f3n y la protecci\u00f3n no tienen precio.<\/p>\t\t\t\t\t\t\t\t<\/div>\n\t\t\t\t<\/div>\n\t\t\t\t<\/div>\n\t\t<div class=\"elementor-element elementor-element-068efe0 e-con-full e-flex e-con e-child\" data-id=\"068efe0\" data-element_type=\"container\" data-e-type=\"container\">\n\t\t\t\t<div class=\"elementor-element elementor-element-620c4d7 elementor-widget-divider--view-line elementor-widget elementor-widget-divider\" data-id=\"620c4d7\" data-element_type=\"widget\" data-e-type=\"widget\" data-widget_type=\"divider.default\">\n\t\t\t\t<div class=\"elementor-widget-container\">\n\t\t\t\t\t\t\t<div class=\"elementor-divider\">\n\t\t\t<span class=\"elementor-divider-separator\">\n\t\t\t\t\t\t<\/span>\n\t\t<\/div>\n\t\t\t\t\t\t<\/div>\n\t\t\t\t<\/div>\n\t\t\t\t<div class=\"elementor-element elementor-element-b31cb1a elementor-icon-list--layout-traditional elementor-list-item-link-full_width elementor-widget elementor-widget-icon-list\" data-id=\"b31cb1a\" data-element_type=\"widget\" data-e-type=\"widget\" data-widget_type=\"icon-list.default\">\n\t\t\t\t<div class=\"elementor-widget-container\">\n\t\t\t\t\t\t\t<ul class=\"elementor-icon-list-items\">\n\t\t\t\t\t\t\t<li class=\"elementor-icon-list-item\">\n\t\t\t\t\t\t\t\t\t\t\t<span class=\"elementor-icon-list-icon\">\n\t\t\t\t\t\t\t<svg aria-hidden=\"true\" class=\"e-font-icon-svg e-fas-check-circle\" viewBox=\"0 0 512 512\" xmlns=\"http:\/\/www.w3.org\/2000\/svg\"><path d=\"M504 256c0 136.967-111.033 248-248 248S8 392.967 8 256 119.033 8 256 8s248 111.033 248 248zM227.314 387.314l184-184c6.248-6.248 6.248-16.379 0-22.627l-22.627-22.627c-6.248-6.249-16.379-6.249-22.628 0L216 308.118l-70.059-70.059c-6.248-6.248-16.379-6.248-22.628 0l-22.627 22.627c-6.248 6.248-6.248 16.379 0 22.627l104 104c6.249 6.249 16.379 6.249 22.628.001z\"><\/path><\/svg>\t\t\t\t\t\t<\/span>\n\t\t\t\t\t\t\t\t\t\t<span class=\"elementor-icon-list-text\">Safe Sound Pro 2 <\/span>\n\t\t\t\t\t\t\t\t\t<\/li>\n\t\t\t\t\t\t\t\t<li class=\"elementor-icon-list-item\">\n\t\t\t\t\t\t\t\t\t\t\t<span class=\"elementor-icon-list-icon\">\n\t\t\t\t\t\t\t<svg aria-hidden=\"true\" class=\"e-font-icon-svg e-fas-check-circle\" viewBox=\"0 0 512 512\" xmlns=\"http:\/\/www.w3.org\/2000\/svg\"><path d=\"M504 256c0 136.967-111.033 248-248 248S8 392.967 8 256 119.033 8 256 8s248 111.033 248 248zM227.314 387.314l184-184c6.248-6.248 6.248-16.379 0-22.627l-22.627-22.627c-6.248-6.249-16.379-6.249-22.628 0L216 308.118l-70.059-70.059c-6.248-6.248-16.379-6.248-22.628 0l-22.627 22.627c-6.248 6.248-6.248 16.379 0 22.627l104 104c6.249 6.249 16.379 6.249 22.628.001z\"><\/path><\/svg>\t\t\t\t\t\t<\/span>\n\t\t\t\t\t\t\t\t\t\t<span class=\"elementor-icon-list-text\">GQ EMF-390<\/span>\n\t\t\t\t\t\t\t\t\t<\/li>\n\t\t\t\t\t\t\t\t<li class=\"elementor-icon-list-item\">\n\t\t\t\t\t\t\t\t\t\t\t<span class=\"elementor-icon-list-icon\">\n\t\t\t\t\t\t\t<svg aria-hidden=\"true\" class=\"e-font-icon-svg e-fas-check-circle\" viewBox=\"0 0 512 512\" xmlns=\"http:\/\/www.w3.org\/2000\/svg\"><path d=\"M504 256c0 136.967-111.033 248-248 248S8 392.967 8 256 119.033 8 256 8s248 111.033 248 248zM227.314 387.314l184-184c6.248-6.248 6.248-16.379 0-22.627l-22.627-22.627c-6.248-6.249-16.379-6.249-22.628 0L216 308.118l-70.059-70.059c-6.248-6.248-16.379-6.248-22.628 0l-22.627 22.627c-6.248 6.248-6.248 16.379 0 22.627l104 104c6.249 6.249 16.379 6.249 22.628.001z\"><\/path><\/svg>\t\t\t\t\t\t<\/span>\n\t\t\t\t\t\t\t\t\t\t<span class=\"elementor-icon-list-text\">Gigahertz HF59B<\/span>\n\t\t\t\t\t\t\t\t\t<\/li>\n\t\t\t\t\t\t\t\t<li class=\"elementor-icon-list-item\">\n\t\t\t\t\t\t\t\t\t\t\t<span class=\"elementor-icon-list-icon\">\n\t\t\t\t\t\t\t<svg aria-hidden=\"true\" class=\"e-font-icon-svg e-fas-check-circle\" viewBox=\"0 0 512 512\" xmlns=\"http:\/\/www.w3.org\/2000\/svg\"><path d=\"M504 256c0 136.967-111.033 248-248 248S8 392.967 8 256 119.033 8 256 8s248 111.033 248 248zM227.314 387.314l184-184c6.248-6.248 6.248-16.379 0-22.627l-22.627-22.627c-6.248-6.249-16.379-6.249-22.628 0L216 308.118l-70.059-70.059c-6.248-6.248-16.379-6.248-22.628 0l-22.627 22.627c-6.248 6.248-6.248 16.379 0 22.627l104 104c6.249 6.249 16.379 6.249 22.628.001z\"><\/path><\/svg>\t\t\t\t\t\t<\/span>\n\t\t\t\t\t\t\t\t\t\t<span class=\"elementor-icon-list-text\">BR9A<\/span>\n\t\t\t\t\t\t\t\t\t<\/li>\n\t\t\t\t\t\t<\/ul>\n\t\t\t\t\t\t<\/div>\n\t\t\t\t<\/div>\n\t\t\t\t<\/div>\n\t\t\t\t\t<\/div>\n\t\t\t\t<\/div>\n\t\t\t\t<\/div>\n\t\t\t\t\t<\/div>\n\t\t\t\t<\/div>\n\t\t\t\t<\/div>\n\t\t","protected":false},"excerpt":{"rendered":"<p>CARACTER\u00cdSTICAS Todas las opciones de detecci\u00f3n en una sola aplicaci\u00f3n Detecci\u00f3n de radiaci\u00f3n 5G EMF en el dispositivo y en el entorno. Espectro LTE, Wi-Fi y Bluetooth calibrado con equipos profesionales. EL PROCESO 01 Activar\/desactivar sensores Inicie la detecci\u00f3n utilizando los sensores del dispositivo y el magnet\u00f3metro para medir la precisi\u00f3n. 02 Opci\u00f3n de dispositivo [&hellip;]<\/p>\n","protected":false},"author":1,"featured_media":0,"parent":0,"menu_order":0,"comment_status":"closed","ping_status":"closed","template":"","meta":{"site-sidebar-layout":"no-sidebar","site-content-layout":"page-builder","ast-site-content-layout":"full-width-container","site-content-style":"unboxed","site-sidebar-style":"unboxed","ast-global-header-display":"","ast-banner-title-visibility":"","ast-main-header-display":"","ast-hfb-above-header-display":"","ast-hfb-below-header-display":"","ast-hfb-mobile-header-display":"","site-post-title":"disabled","ast-breadcrumbs-content":"","ast-featured-img":"disabled","footer-sml-layout":"","ast-disable-related-posts":"","theme-transparent-header-meta":"enabled","adv-header-id-meta":"","stick-header-meta":"","header-above-stick-meta":"","header-main-stick-meta":"","header-below-stick-meta":"","astra-migrate-meta-layouts":"set","ast-page-background-enabled":"default","ast-page-background-meta":{"desktop":{"background-color":"var(--ast-global-color-4)","background-image":"","background-repeat":"repeat","background-position":"center center","background-size":"auto","background-attachment":"scroll","background-type":"","background-media":"","overlay-type":"","overlay-color":"","overlay-opacity":"","overlay-gradient":""},"tablet":{"background-color":"","background-image":"","background-repeat":"repeat","background-position":"center center","background-size":"auto","background-attachment":"scroll","background-type":"","background-media":"","overlay-type":"","overlay-color":"","overlay-opacity":"","overlay-gradient":""},"mobile":{"background-color":"","background-image":"","background-repeat":"repeat","background-position":"center center","background-size":"auto","background-attachment":"scroll","background-type":"","background-media":"","overlay-type":"","overlay-color":"","overlay-opacity":"","overlay-gradient":""}},"ast-content-background-meta":{"desktop":{"background-color":"var(--ast-global-color-5)","background-image":"","background-repeat":"repeat","background-position":"center center","background-size":"auto","background-attachment":"scroll","background-type":"","background-media":"","overlay-type":"","overlay-color":"","overlay-opacity":"","overlay-gradient":""},"tablet":{"background-color":"var(--ast-global-color-5)","background-image":"","background-repeat":"repeat","background-position":"center center","background-size":"auto","background-attachment":"scroll","background-type":"","background-media":"","overlay-type":"","overlay-color":"","overlay-opacity":"","overlay-gradient":""},"mobile":{"background-color":"var(--ast-global-color-5)","background-image":"","background-repeat":"repeat","background-position":"center center","background-size":"auto","background-attachment":"scroll","background-type":"","background-media":"","overlay-type":"","overlay-color":"","overlay-opacity":"","overlay-gradient":""}},"footnotes":""},"class_list":["post-938","page","type-page","status-publish","hentry"],"yoast_head":"<!-- This site is optimized with the Yoast SEO plugin v27.4 - https:\/\/yoast.com\/product\/yoast-seo-wordpress\/ -->\n<title>Caracteristicas - Radex<\/title>\n<meta name=\"robots\" content=\"index, follow, max-snippet:-1, max-image-preview:large, max-video-preview:-1\" \/>\n<link rel=\"canonical\" href=\"https:\/\/radex.app\/es\/caracteristicas\/\" \/>\n<meta property=\"og:locale\" content=\"es_ES\" \/>\n<meta property=\"og:type\" content=\"article\" \/>\n<meta property=\"og:title\" content=\"Caracteristicas - Radex\" \/>\n<meta property=\"og:description\" content=\"CARACTER\u00cdSTICAS Todas las opciones de detecci\u00f3n en una sola aplicaci\u00f3n Detecci\u00f3n de radiaci\u00f3n 5G EMF en el dispositivo y en el entorno. Espectro LTE, Wi-Fi y Bluetooth calibrado con equipos profesionales. EL PROCESO 01 Activar\/desactivar sensores Inicie la detecci\u00f3n utilizando los sensores del dispositivo y el magnet\u00f3metro para medir la precisi\u00f3n. 02 Opci\u00f3n de dispositivo [&hellip;]\" \/>\n<meta property=\"og:url\" content=\"https:\/\/radex.app\/es\/caracteristicas\/\" \/>\n<meta property=\"og:site_name\" content=\"Radex\" \/>\n<meta property=\"article:publisher\" content=\"https:\/\/www.facebook.com\/people\/Radex\/61560575167696\" \/>\n<meta property=\"article:modified_time\" content=\"2025-04-19T02:14:22+00:00\" \/>\n<meta name=\"twitter:card\" content=\"summary_large_image\" \/>\n<meta name=\"twitter:site\" content=\"@RadexApp\" \/>\n<meta name=\"twitter:label1\" content=\"Tiempo de lectura\" \/>\n\t<meta name=\"twitter:data1\" content=\"1 minuto\" \/>\n<script type=\"application\/ld+json\" class=\"yoast-schema-graph\">{\"@context\":\"https:\\\/\\\/schema.org\",\"@graph\":[{\"@type\":\"WebPage\",\"@id\":\"https:\\\/\\\/radex.app\\\/es\\\/caracteristicas\\\/\",\"url\":\"https:\\\/\\\/radex.app\\\/es\\\/caracteristicas\\\/\",\"name\":\"Caracteristicas - Radex\",\"isPartOf\":{\"@id\":\"https:\\\/\\\/radex.app\\\/es\\\/#website\"},\"datePublished\":\"2025-03-18T14:33:22+00:00\",\"dateModified\":\"2025-04-19T02:14:22+00:00\",\"breadcrumb\":{\"@id\":\"https:\\\/\\\/radex.app\\\/es\\\/caracteristicas\\\/#breadcrumb\"},\"inLanguage\":\"es\",\"potentialAction\":[{\"@type\":\"ReadAction\",\"target\":[\"https:\\\/\\\/radex.app\\\/es\\\/caracteristicas\\\/\"]}]},{\"@type\":\"BreadcrumbList\",\"@id\":\"https:\\\/\\\/radex.app\\\/es\\\/caracteristicas\\\/#breadcrumb\",\"itemListElement\":[{\"@type\":\"ListItem\",\"position\":1,\"name\":\"Portada\",\"item\":\"https:\\\/\\\/radex.app\\\/es\\\/\"},{\"@type\":\"ListItem\",\"position\":2,\"name\":\"Caracteristicas\"}]},{\"@type\":\"WebSite\",\"@id\":\"https:\\\/\\\/radex.app\\\/es\\\/#website\",\"url\":\"https:\\\/\\\/radex.app\\\/es\\\/\",\"name\":\"Radex\",\"description\":\"Radex Detector 5G EMF  - es una aplicaci\u00f3n m\u00f3vil que detecta la radiaci\u00f3n EMF en el dispositivo y en el entorno, el software est\u00e1 calibrado con equipos profesionales.\",\"publisher\":{\"@id\":\"https:\\\/\\\/radex.app\\\/es\\\/#organization\"},\"alternateName\":\"Radex Detector 5G EMF\",\"potentialAction\":[{\"@type\":\"SearchAction\",\"target\":{\"@type\":\"EntryPoint\",\"urlTemplate\":\"https:\\\/\\\/radex.app\\\/es\\\/?s={search_term_string}\"},\"query-input\":{\"@type\":\"PropertyValueSpecification\",\"valueRequired\":true,\"valueName\":\"search_term_string\"}}],\"inLanguage\":\"es\"},{\"@type\":\"Organization\",\"@id\":\"https:\\\/\\\/radex.app\\\/es\\\/#organization\",\"name\":\"Radex\",\"url\":\"https:\\\/\\\/radex.app\\\/es\\\/\",\"logo\":{\"@type\":\"ImageObject\",\"inLanguage\":\"es\",\"@id\":\"https:\\\/\\\/radex.app\\\/es\\\/#\\\/schema\\\/logo\\\/image\\\/\",\"url\":\"https:\\\/\\\/radex.app\\\/es\\\/wp-content\\\/uploads\\\/2025\\\/03\\\/RadexTheLogoWebsite.png\",\"contentUrl\":\"https:\\\/\\\/radex.app\\\/es\\\/wp-content\\\/uploads\\\/2025\\\/03\\\/RadexTheLogoWebsite.png\",\"width\":200,\"height\":63,\"caption\":\"Radex\"},\"image\":{\"@id\":\"https:\\\/\\\/radex.app\\\/es\\\/#\\\/schema\\\/logo\\\/image\\\/\"},\"sameAs\":[\"https:\\\/\\\/www.facebook.com\\\/people\\\/Radex\\\/61560575167696\",\"https:\\\/\\\/x.com\\\/RadexApp\",\"https:\\\/\\\/www.linkedin.com\\\/company\\\/radex-app\",\"https:\\\/\\\/t.me\\\/+ZXePKeKovCAwMTAx\"]}]}<\/script>\n<!-- \/ Yoast SEO plugin. -->","yoast_head_json":{"title":"Caracteristicas - Radex","robots":{"index":"index","follow":"follow","max-snippet":"max-snippet:-1","max-image-preview":"max-image-preview:large","max-video-preview":"max-video-preview:-1"},"canonical":"https:\/\/radex.app\/es\/caracteristicas\/","og_locale":"es_ES","og_type":"article","og_title":"Caracteristicas - Radex","og_description":"CARACTER\u00cdSTICAS Todas las opciones de detecci\u00f3n en una sola aplicaci\u00f3n Detecci\u00f3n de radiaci\u00f3n 5G EMF en el dispositivo y en el entorno. Espectro LTE, Wi-Fi y Bluetooth calibrado con equipos profesionales. EL PROCESO 01 Activar\/desactivar sensores Inicie la detecci\u00f3n utilizando los sensores del dispositivo y el magnet\u00f3metro para medir la precisi\u00f3n. 02 Opci\u00f3n de dispositivo [&hellip;]","og_url":"https:\/\/radex.app\/es\/caracteristicas\/","og_site_name":"Radex","article_publisher":"https:\/\/www.facebook.com\/people\/Radex\/61560575167696","article_modified_time":"2025-04-19T02:14:22+00:00","twitter_card":"summary_large_image","twitter_site":"@RadexApp","twitter_misc":{"Tiempo de lectura":"1 minuto"},"schema":{"@context":"https:\/\/schema.org","@graph":[{"@type":"WebPage","@id":"https:\/\/radex.app\/es\/caracteristicas\/","url":"https:\/\/radex.app\/es\/caracteristicas\/","name":"Caracteristicas - Radex","isPartOf":{"@id":"https:\/\/radex.app\/es\/#website"},"datePublished":"2025-03-18T14:33:22+00:00","dateModified":"2025-04-19T02:14:22+00:00","breadcrumb":{"@id":"https:\/\/radex.app\/es\/caracteristicas\/#breadcrumb"},"inLanguage":"es","potentialAction":[{"@type":"ReadAction","target":["https:\/\/radex.app\/es\/caracteristicas\/"]}]},{"@type":"BreadcrumbList","@id":"https:\/\/radex.app\/es\/caracteristicas\/#breadcrumb","itemListElement":[{"@type":"ListItem","position":1,"name":"Portada","item":"https:\/\/radex.app\/es\/"},{"@type":"ListItem","position":2,"name":"Caracteristicas"}]},{"@type":"WebSite","@id":"https:\/\/radex.app\/es\/#website","url":"https:\/\/radex.app\/es\/","name":"Radex","description":"Radex Detector 5G EMF  - es una aplicaci\u00f3n m\u00f3vil que detecta la radiaci\u00f3n EMF en el dispositivo y en el entorno, el software est\u00e1 calibrado con equipos profesionales.","publisher":{"@id":"https:\/\/radex.app\/es\/#organization"},"alternateName":"Radex Detector 5G EMF","potentialAction":[{"@type":"SearchAction","target":{"@type":"EntryPoint","urlTemplate":"https:\/\/radex.app\/es\/?s={search_term_string}"},"query-input":{"@type":"PropertyValueSpecification","valueRequired":true,"valueName":"search_term_string"}}],"inLanguage":"es"},{"@type":"Organization","@id":"https:\/\/radex.app\/es\/#organization","name":"Radex","url":"https:\/\/radex.app\/es\/","logo":{"@type":"ImageObject","inLanguage":"es","@id":"https:\/\/radex.app\/es\/#\/schema\/logo\/image\/","url":"https:\/\/radex.app\/es\/wp-content\/uploads\/2025\/03\/RadexTheLogoWebsite.png","contentUrl":"https:\/\/radex.app\/es\/wp-content\/uploads\/2025\/03\/RadexTheLogoWebsite.png","width":200,"height":63,"caption":"Radex"},"image":{"@id":"https:\/\/radex.app\/es\/#\/schema\/logo\/image\/"},"sameAs":["https:\/\/www.facebook.com\/people\/Radex\/61560575167696","https:\/\/x.com\/RadexApp","https:\/\/www.linkedin.com\/company\/radex-app","https:\/\/t.me\/+ZXePKeKovCAwMTAx"]}]}},"_links":{"self":[{"href":"https:\/\/radex.app\/es\/wp-json\/wp\/v2\/pages\/938","targetHints":{"allow":["GET"]}}],"collection":[{"href":"https:\/\/radex.app\/es\/wp-json\/wp\/v2\/pages"}],"about":[{"href":"https:\/\/radex.app\/es\/wp-json\/wp\/v2\/types\/page"}],"author":[{"embeddable":true,"href":"https:\/\/radex.app\/es\/wp-json\/wp\/v2\/users\/1"}],"replies":[{"embeddable":true,"href":"https:\/\/radex.app\/es\/wp-json\/wp\/v2\/comments?post=938"}],"version-history":[{"count":3,"href":"https:\/\/radex.app\/es\/wp-json\/wp\/v2\/pages\/938\/revisions"}],"predecessor-version":[{"id":1431,"href":"https:\/\/radex.app\/es\/wp-json\/wp\/v2\/pages\/938\/revisions\/1431"}],"wp:attachment":[{"href":"https:\/\/radex.app\/es\/wp-json\/wp\/v2\/media?parent=938"}],"curies":[{"name":"wp","href":"https:\/\/api.w.org\/{rel}","templated":true}]}}